{"id":597,"date":"2025-07-10T22:08:46","date_gmt":"2025-07-10T22:08:46","guid":{"rendered":"https:\/\/bachelorettespain.com\/chiclady\/"},"modified":"2025-07-28T19:18:55","modified_gmt":"2025-07-28T19:18:55","slug":"chiclady","status":"publish","type":"page","link":"https:\/\/bachelorettespain.com\/fr\/chiclady\/","title":{"rendered":"Chiclady"},"content":{"rendered":"<div class=\"wpb-content-wrapper\">[vc_row full_width=&#8221;stretch_row_content_no_spaces&#8221; css=&#8221;.vc_custom_1753204078371{background-color: #FBE7DE !important;}&#8221;][vc_column]\n\t\t\t\t<p class=\"rs-p-wp-fix\"><\/p>\n\t\t\t\t<sr7-module data-alias=\"chiclady-11\" data-id=\"14\" id=\"SR7_14_1\" class=\"rs-ov-hidden\" data-version=\"6.7.35\">\n\t\t\t\t\t<sr7-adjuster><\/sr7-adjuster>\n\t\t\t\t\t<sr7-content>\n\t\t\t\t\t\t<sr7-slide id=\"SR7_14_1-57\" data-key=\"57\">\n\t\t\t\t\t\t\t<sr7-bg id=\"SR7_14_1-57-4\" class=\"sr7-layer\"><noscript><img src=\"https:\/\/bachelorettespain.com\/wp-content\/uploads\/2025\/07\/chiclady-2.jpg\" alt=\"\" title=\"chiclady\"><\/noscript><\/sr7-bg>\n\t\t\t\t\t\t\t<sr7-txt id=\"SR7_14_1-57-1\" class=\"sr7-layer\">Ton r\u00f4le est essentiel: tu es la Chic<em>Lady<\/em><\/sr7-txt>\n\t\t\t\t\t\t\t<sr7-txt id=\"SR7_14_1-57-3\" class=\"sr7-layer\">ChicLady<\/sr7-txt>\n\t\t\t\t\t\t<\/sr7-slide>\n\t\t\t\t\t\t<sr7-slide id=\"SR7_14_1-58\" data-key=\"58\">\n\t\t\t\t\t\t<\/sr7-slide>\n\t\t\t\t\t<\/sr7-content>\n\t\t\t\t\t<image_lists style=\"display:none\">\n\t\t\t\t\t\t<img data-src=\"\/\/bachelorettespain.com\/wp-content\/uploads\/2025\/07\/chiclady-2.jpg\" data-libid=\"972\" data-lib=\"medialibrary\" title=\"chiclady\" width=\"0\" height=\"0\" data-dbsrc=\"Ly9iYWNoZWxvcmV0dGVzcGFpbi5jb20vd3AtY29udGVudC91cGxvYWRzLzIwMjUvMDcvY2hpY2xhZHktMi5qcGc=\"\/>\n\t\t\t\t\t<\/image_lists>\n\t\t\t\t<\/sr7-module>\n\t\t\t\t<script>\n\t\t\t\t\tSR7.PMH ??={}; SR7.PMH[\"SR7_14_1\"] = {cn:100,state:false,fn: function() { if (_tpt!==undefined && _tpt.prepareModuleHeight !== undefined) {  _tpt.prepareModuleHeight({id:\"SR7_14_1\",el:[650,650,650,650,720],type:'standard',shdw:'0',gh:[650,650,650,650,720],gw:[2000,2000,2000,2000,480],vpt:['-100px&#039;,&#039;-100px&#039;,&#039;-100px&#039;,&#039;-100px&#039;,&#039;-100px'],size:{fullWidth:true, fullHeight:false},mh:'0',onh:0,onw:0,bg:{color:'{\"orig\":\"transparent\",\"type\":\"solid\",\"string\":\"transparent\"}'}});   SR7.PMH[\"SR7_14_1\"].state=true;} else if(SR7.PMH[\"SR7_14_1\"].cn-->0)\tsetTimeout( SR7.PMH[\"SR7_14_1\"].fn,19);}};SR7.PMH[\"SR7_14_1\" ].fn();\n\t\t\t\t<\/script>\n[\/vc_column][\/vc_row][vc_row][vc_column width=&#8221;1\/6&#8243;][\/vc_column][vc_column width=&#8221;2\/3&#8243;][vc_empty_space height=&#8221;50px&#8221;][vc_column_text css=&#8221;&#8221; text_align=&#8221;center&#8221; color=&#8221;#000000&#8243; font_size=&#8221;26&#8243; font_family=&#8221;Playfair Display&#8221; line_height=&#8221;30px&#8221; letter_spacing=&#8221;-1px&#8221; font_weight=&#8221;500&#8243;]La personne qui transforme l\u2019enterrement de vie de jeune fille en un souvenir inoubliable.[\/vc_column_text][vc_empty_space height=&#8221;20px&#8221;][vc_column_text css=&#8221;.vc_custom_1753730229249{padding-right: 5% !important;padding-left: 5% !important;}&#8221; text_align=&#8221;center&#8221; color=&#8221;#030303&#8243; font_family=&#8221;Poppins&#8221;]La Chic<em>Lady<\/em> est la figure cl\u00e9 de chaque enterrement de vie de jeune fille organis\u00e9 par Bachelorette.<\/p>\n<blockquote><p><span style=\"color: #000000;\">C\u2019est la personne du groupe qui prend les r\u00eanes de l\u2019organisation, celle qui communique avec notre \u00e9quipe et coordonne les \u00e9tapes pour que tout soit parfaitement en place. En somme, c\u2019est la marraine de l\u2019exp\u00e9rience.<\/span><\/p><\/blockquote>\n<p>Une fois le pack choisi ou la proposition personnalis\u00e9e valid\u00e9e, la Chic<em>Lady<\/em> acc\u00e8de \u00e0 <strong>un espace priv\u00e9 exclusif<\/strong> depuis lequel elle peut g\u00e9rer tous les aspects du voyage : itin\u00e9raires, horaires, paiements, recommandations, mises \u00e0 jour et tous les d\u00e9tails importants.<\/p>\n<p>Nous l\u2019accompagnons \u00e0 chaque \u00e9tape, avec un suivi personnalis\u00e9, des propositions claires et une planification pas \u00e0 pas. Elle n\u2019est jamais seule. Et gr\u00e2ce \u00e0 son r\u00f4le, tout se passe sans accroc.<\/p>\n<p><strong>Que peut-elle faire depuis son espace priv\u00e9?<\/strong><\/p>\n<p>Consulter et valider les itin\u00e9raires<br \/>\nSuivre l\u2019\u00e9tat des r\u00e9servations<br \/>\nG\u00e9rer les paiements et le budget<br \/>\nAcc\u00e9der \u00e0 des recommandations personnalis\u00e9es<br \/>\nContacter notre \u00e9quipe pour toute question<br \/>\nRecevoir des rappels importants pour le groupe<br \/>\nT\u00e9l\u00e9charger et partager la proposition finale[\/vc_column_text][vc_empty_space height=&#8221;50px&#8221;][vc_row_inner][vc_column_inner width=&#8221;1\/6&#8243;][\/vc_column_inner][vc_column_inner width=&#8221;2\/3&#8243; css=&#8221;.vc_custom_1752186352020{border-top-width: 1px !important;border-right-width: 1px !important;border-bottom-width: 1px !important;border-left-width: 1px !important;padding-top: 5% !important;padding-right: 5% !important;padding-bottom: 5% !important;padding-left: 5% !important;border-left-style: solid !important;border-right-style: solid !important;border-top-style: solid !important;border-bottom-style: solid !important;border-color: #000000 !important;}&#8221;][vc_column_text css=&#8221;.vc_custom_1753730313020{padding-right: 5% !important;padding-left: 5% !important;}&#8221; text_align=&#8221;center&#8221; color=&#8221;#030303&#8243; font_family=&#8221;Poppins&#8221;]<span style=\"font-size: 16px;\"><strong>Vous \u00eates la ChicLady ?<\/strong><\/span><br \/>\nConnectez-vous \u00e0 votre espace et commencez \u00e0 organiser quelque chose d\u2019inoubliable.[\/vc_column_text][vc_empty_space height=&#8221;20px&#8221;]<style>.vcex-button.vcex_69dae61554704{background:#f6bcae;color:#000000!important;font-family:Poppins, sans-serif;}.vcex-button.vcex_69dae61554704:hover{background:#000000!important;color:#ffffff!important;}<\/style><div class=\"theme-button-wrap textcenter wpex-clr\"><a href=\"https:\/\/bachelorettespain.com\/wp-admin\" class=\"vcex-button theme-button large align-center inline vcex_69dae61554704\"><span class=\"vcex-button-inner theme-button-inner wpex-flex wpex-flex-wrap wpex-items-center wpex-justify-center\"><span class=\"vcex-button-icon vcex-icon-wrap theme-button-icon-left\"><span class=\"wpex-icon\" aria-hidden=\"true\"><svg xmlns=\"http:\/\/www.w3.org\/2000\/svg\" viewBox=\"0 0 512 512\"><path d=\"M406.5 399.6C387.4 352.9 341.5 320 288 320H224c-53.5 0-99.4 32.9-118.5 79.6C69.9 362.2 48 311.7 48 256C48 141.1 141.1 48 256 48s208 93.1 208 208c0 55.7-21.9 106.2-57.5 143.6zm-40.1 32.7C334.4 452.4 296.6 464 256 464s-78.4-11.6-110.5-31.7c7.3-36.7 39.7-64.3 78.5-64.3h64c38.8 0 71.2 27.6 78.5 64.3zM256 512A256 256 0 1 0 256 0a256 256 0 1 0 0 512zm0-272a40 40 0 1 1 0-80 40 40 0 1 1 0 80zm-88-40a88 88 0 1 0 176 0 88 88 0 1 0 -176 0z\"\/><\/svg><\/span><\/span>Acc\u00e9dez \u00e0 l\u2019espace priv\u00e9<\/span><\/a><\/div> [\/vc_column_inner][vc_column_inner width=&#8221;1\/6&#8243;][\/vc_column_inner][\/vc_row_inner][\/vc_column][vc_column width=&#8221;1\/6&#8243;][\/vc_column][\/vc_row]\n<\/div>","protected":false},"excerpt":{"rendered":"<p>[vc_row full_width=&#8221;stretch_row_content_no_spaces&#8221; css=&#8221;.vc_custom_1753204078371{background-color: #FBE7DE !important;}&#8221;][vc_column][\/vc_column][\/vc_row][vc_row][vc_column width=&#8221;1\/6&#8243;][\/vc_column][vc_column width=&#8221;2\/3&#8243;][vc_empty_space height=&#8221;50px&#8221;][vc_column_text css=&#8221;&#8221; text_align=&#8221;center&#8221; color=&#8221;#000000&#8243; font_size=&#8221;26&#8243; font_family=&#8221;Playfair Display&#8221; line_height=&#8221;30px&#8221; letter_spacing=&#8221;-1px&#8221; font_weight=&#8221;500&#8243;]La personne qui transforme l\u2019enterrement de vie de jeune fille en un souvenir inoubliable.[\/vc_column_text][vc_empty_space height=&#8221;20px&#8221;][vc_column_text css=&#8221;.vc_custom_1753730229249{padding-right: 5% !important;padding-left: 5% !important;}&#8221; text_align=&#8221;center&#8221; color=&#8221;#030303&#8243; font_family=&#8221;Poppins&#8221;]La ChicLady est la figure cl\u00e9 de chaque enterrement de vie de jeune fille organis\u00e9 par Bachelorette.&hellip;<\/p>\n","protected":false},"author":3,"featured_media":0,"parent":0,"menu_order":0,"comment_status":"closed","ping_status":"closed","template":"","meta":{"_joinchat":[],"footnotes":""},"class_list":["post-597","page","type-page","status-publish","hentry","entry","no-media"],"yoast_head":"<!-- This site is optimized with the Yoast SEO plugin v25.5 - https:\/\/yoast.com\/wordpress\/plugins\/seo\/ -->\n<title>Chiclady - Bachelorette Spain<\/title>\n<meta name=\"robots\" content=\"index, follow, max-snippet:-1, max-image-preview:large, max-video-preview:-1\" \/>\n<link rel=\"canonical\" href=\"https:\/\/bachelorettespain.com\/fr\/chiclady\/\" \/>\n<meta property=\"og:locale\" content=\"fr_FR\" \/>\n<meta property=\"og:type\" content=\"article\" \/>\n<meta property=\"og:title\" content=\"Chiclady - Bachelorette Spain\" \/>\n<meta property=\"og:description\" content=\"[vc_row full_width=&#8221;stretch_row_content_no_spaces&#8221; css=&#8221;.vc_custom_1753204078371{background-color: #FBE7DE !important;}&#8221;][vc_column][\/vc_column][\/vc_row][vc_row][vc_column width=&#8221;1\/6&#8243;][\/vc_column][vc_column width=&#8221;2\/3&#8243;][vc_empty_space height=&#8221;50px&#8221;][vc_column_text css=&#8221;&#8221; text_align=&#8221;center&#8221; color=&#8221;#000000&#8243; font_size=&#8221;26&#8243; font_family=&#8221;Playfair Display&#8221; line_height=&#8221;30px&#8221; letter_spacing=&#8221;-1px&#8221; font_weight=&#8221;500&#8243;]La personne qui transforme l\u2019enterrement de vie de jeune fille en un souvenir inoubliable.[\/vc_column_text][vc_empty_space height=&#8221;20px&#8221;][vc_column_text css=&#8221;.vc_custom_1753730229249{padding-right: 5% !important;padding-left: 5% !important;}&#8221; text_align=&#8221;center&#8221; color=&#8221;#030303&#8243; font_family=&#8221;Poppins&#8221;]La ChicLady est la figure cl\u00e9 de chaque enterrement de vie de jeune fille organis\u00e9 par Bachelorette.&hellip;\" \/>\n<meta property=\"og:url\" content=\"https:\/\/bachelorettespain.com\/fr\/chiclady\/\" \/>\n<meta property=\"og:site_name\" content=\"Bachelorette Spain\" \/>\n<meta property=\"article:modified_time\" content=\"2025-07-28T19:18:55+00:00\" \/>\n<meta name=\"twitter:card\" content=\"summary_large_image\" \/>\n<meta name=\"twitter:label1\" content=\"Dur\u00e9e de lecture estim\u00e9e\" \/>\n\t<meta name=\"twitter:data1\" content=\"2 minutes\" \/>\n<script type=\"application\/ld+json\" class=\"yoast-schema-graph\">{\"@context\":\"https:\/\/schema.org\",\"@graph\":[{\"@type\":\"WebPage\",\"@id\":\"https:\/\/bachelorettespain.com\/fr\/chiclady\/\",\"url\":\"https:\/\/bachelorettespain.com\/fr\/chiclady\/\",\"name\":\"Chiclady - Bachelorette Spain\",\"isPartOf\":{\"@id\":\"https:\/\/bachelorettespain.com\/#website\"},\"datePublished\":\"2025-07-10T22:08:46+00:00\",\"dateModified\":\"2025-07-28T19:18:55+00:00\",\"breadcrumb\":{\"@id\":\"https:\/\/bachelorettespain.com\/fr\/chiclady\/#breadcrumb\"},\"inLanguage\":\"fr-FR\",\"potentialAction\":[{\"@type\":\"ReadAction\",\"target\":[\"https:\/\/bachelorettespain.com\/fr\/chiclady\/\"]}]},{\"@type\":\"BreadcrumbList\",\"@id\":\"https:\/\/bachelorettespain.com\/fr\/chiclady\/#breadcrumb\",\"itemListElement\":[{\"@type\":\"ListItem\",\"position\":1,\"name\":\"Home\",\"item\":\"https:\/\/bachelorettespain.com\/fr\/\"},{\"@type\":\"ListItem\",\"position\":2,\"name\":\"Chiclady\"}]},{\"@type\":\"WebSite\",\"@id\":\"https:\/\/bachelorettespain.com\/#website\",\"url\":\"https:\/\/bachelorettespain.com\/\",\"name\":\"Bachelorette Spain\",\"description\":\"Bachelorette Spain\",\"publisher\":{\"@id\":\"https:\/\/bachelorettespain.com\/#organization\"},\"potentialAction\":[{\"@type\":\"SearchAction\",\"target\":{\"@type\":\"EntryPoint\",\"urlTemplate\":\"https:\/\/bachelorettespain.com\/?s={search_term_string}\"},\"query-input\":{\"@type\":\"PropertyValueSpecification\",\"valueRequired\":true,\"valueName\":\"search_term_string\"}}],\"inLanguage\":\"fr-FR\"},{\"@type\":\"Organization\",\"@id\":\"https:\/\/bachelorettespain.com\/#organization\",\"name\":\"Bachelorette Spain\",\"url\":\"https:\/\/bachelorettespain.com\/\",\"logo\":{\"@type\":\"ImageObject\",\"inLanguage\":\"fr-FR\",\"@id\":\"https:\/\/bachelorettespain.com\/#\/schema\/logo\/image\/\",\"url\":\"https:\/\/bachelorettespain.com\/wp-content\/uploads\/2025\/07\/logo.png\",\"contentUrl\":\"https:\/\/bachelorettespain.com\/wp-content\/uploads\/2025\/07\/logo.png\",\"width\":811,\"height\":101,\"caption\":\"Bachelorette Spain\"},\"image\":{\"@id\":\"https:\/\/bachelorettespain.com\/#\/schema\/logo\/image\/\"}}]}<\/script>\n<!-- \/ Yoast SEO plugin. -->","yoast_head_json":{"title":"Chiclady - Bachelorette Spain","robots":{"index":"index","follow":"follow","max-snippet":"max-snippet:-1","max-image-preview":"max-image-preview:large","max-video-preview":"max-video-preview:-1"},"canonical":"https:\/\/bachelorettespain.com\/fr\/chiclady\/","og_locale":"fr_FR","og_type":"article","og_title":"Chiclady - Bachelorette Spain","og_description":"[vc_row full_width=&#8221;stretch_row_content_no_spaces&#8221; css=&#8221;.vc_custom_1753204078371{background-color: #FBE7DE !important;}&#8221;][vc_column][\/vc_column][\/vc_row][vc_row][vc_column width=&#8221;1\/6&#8243;][\/vc_column][vc_column width=&#8221;2\/3&#8243;][vc_empty_space height=&#8221;50px&#8221;][vc_column_text css=&#8221;&#8221; text_align=&#8221;center&#8221; color=&#8221;#000000&#8243; font_size=&#8221;26&#8243; font_family=&#8221;Playfair Display&#8221; line_height=&#8221;30px&#8221; letter_spacing=&#8221;-1px&#8221; font_weight=&#8221;500&#8243;]La personne qui transforme l\u2019enterrement de vie de jeune fille en un souvenir inoubliable.[\/vc_column_text][vc_empty_space height=&#8221;20px&#8221;][vc_column_text css=&#8221;.vc_custom_1753730229249{padding-right: 5% !important;padding-left: 5% !important;}&#8221; text_align=&#8221;center&#8221; color=&#8221;#030303&#8243; font_family=&#8221;Poppins&#8221;]La ChicLady est la figure cl\u00e9 de chaque enterrement de vie de jeune fille organis\u00e9 par Bachelorette.&hellip;","og_url":"https:\/\/bachelorettespain.com\/fr\/chiclady\/","og_site_name":"Bachelorette Spain","article_modified_time":"2025-07-28T19:18:55+00:00","twitter_card":"summary_large_image","twitter_misc":{"Dur\u00e9e de lecture estim\u00e9e":"2 minutes"},"schema":{"@context":"https:\/\/schema.org","@graph":[{"@type":"WebPage","@id":"https:\/\/bachelorettespain.com\/fr\/chiclady\/","url":"https:\/\/bachelorettespain.com\/fr\/chiclady\/","name":"Chiclady - Bachelorette Spain","isPartOf":{"@id":"https:\/\/bachelorettespain.com\/#website"},"datePublished":"2025-07-10T22:08:46+00:00","dateModified":"2025-07-28T19:18:55+00:00","breadcrumb":{"@id":"https:\/\/bachelorettespain.com\/fr\/chiclady\/#breadcrumb"},"inLanguage":"fr-FR","potentialAction":[{"@type":"ReadAction","target":["https:\/\/bachelorettespain.com\/fr\/chiclady\/"]}]},{"@type":"BreadcrumbList","@id":"https:\/\/bachelorettespain.com\/fr\/chiclady\/#breadcrumb","itemListElement":[{"@type":"ListItem","position":1,"name":"Home","item":"https:\/\/bachelorettespain.com\/fr\/"},{"@type":"ListItem","position":2,"name":"Chiclady"}]},{"@type":"WebSite","@id":"https:\/\/bachelorettespain.com\/#website","url":"https:\/\/bachelorettespain.com\/","name":"Bachelorette Spain","description":"Bachelorette Spain","publisher":{"@id":"https:\/\/bachelorettespain.com\/#organization"},"potentialAction":[{"@type":"SearchAction","target":{"@type":"EntryPoint","urlTemplate":"https:\/\/bachelorettespain.com\/?s={search_term_string}"},"query-input":{"@type":"PropertyValueSpecification","valueRequired":true,"valueName":"search_term_string"}}],"inLanguage":"fr-FR"},{"@type":"Organization","@id":"https:\/\/bachelorettespain.com\/#organization","name":"Bachelorette Spain","url":"https:\/\/bachelorettespain.com\/","logo":{"@type":"ImageObject","inLanguage":"fr-FR","@id":"https:\/\/bachelorettespain.com\/#\/schema\/logo\/image\/","url":"https:\/\/bachelorettespain.com\/wp-content\/uploads\/2025\/07\/logo.png","contentUrl":"https:\/\/bachelorettespain.com\/wp-content\/uploads\/2025\/07\/logo.png","width":811,"height":101,"caption":"Bachelorette Spain"},"image":{"@id":"https:\/\/bachelorettespain.com\/#\/schema\/logo\/image\/"}}]}},"_links":{"self":[{"href":"https:\/\/bachelorettespain.com\/fr\/wp-json\/wp\/v2\/pages\/597","targetHints":{"allow":["GET"]}}],"collection":[{"href":"https:\/\/bachelorettespain.com\/fr\/wp-json\/wp\/v2\/pages"}],"about":[{"href":"https:\/\/bachelorettespain.com\/fr\/wp-json\/wp\/v2\/types\/page"}],"author":[{"embeddable":true,"href":"https:\/\/bachelorettespain.com\/fr\/wp-json\/wp\/v2\/users\/3"}],"replies":[{"embeddable":true,"href":"https:\/\/bachelorettespain.com\/fr\/wp-json\/wp\/v2\/comments?post=597"}],"version-history":[{"count":3,"href":"https:\/\/bachelorettespain.com\/fr\/wp-json\/wp\/v2\/pages\/597\/revisions"}],"predecessor-version":[{"id":1187,"href":"https:\/\/bachelorettespain.com\/fr\/wp-json\/wp\/v2\/pages\/597\/revisions\/1187"}],"wp:attachment":[{"href":"https:\/\/bachelorettespain.com\/fr\/wp-json\/wp\/v2\/media?parent=597"}],"curies":[{"name":"wp","href":"https:\/\/api.w.org\/{rel}","templated":true}]}}