{"id":601,"date":"2025-07-11T07:31:05","date_gmt":"2025-07-11T07:31:05","guid":{"rendered":"https:\/\/bachelorettespain.com\/contactar\/"},"modified":"2025-07-28T20:25:55","modified_gmt":"2025-07-28T20:25:55","slug":"contactar","status":"publish","type":"page","link":"https:\/\/bachelorettespain.com\/fr\/contactar\/","title":{"rendered":"Contact"},"content":{"rendered":"<div class=\"wpb-content-wrapper\">[vc_row full_width=&#8221;stretch_row_content_no_spaces&#8221; css=&#8221;.vc_custom_1753204481024{background-color: #F6BCAE !important;}&#8221;][vc_column width=&#8221;1\/4&#8243;][\/vc_column][vc_column width=&#8221;1\/2&#8243;][vc_empty_space height=&#8221;50px&#8221;][vc_column_text css=&#8221;.vc_custom_1753734351863{padding-right: 10% !important;padding-left: 10% !important;}&#8221; text_align=&#8221;center&#8221; color=&#8221;#000000&#8243; font_size=&#8221;40&#8243; font_family=&#8221;Playfair Display&#8221; line_height=&#8221;44px&#8221; letter_spacing=&#8221;-1px&#8221; font_weight=&#8221;500&#8243;]On commence \u00e0 organiser quelque chose d\u2019inoubliable ?[\/vc_column_text][vc_empty_space height=&#8221;20px&#8221;][vc_column_text css=&#8221;.vc_custom_1753734323294{padding-right: 5% !important;padding-left: 5% !important;}&#8221; text_align=&#8221;center&#8221; color=&#8221;#030303&#8243; font_family=&#8221;Poppins&#8221;]Racontez-nous comment vous imaginez votre enterrement de vie de jeune fille et nous vous enverrons une proposition sur mesure, sans engagement.[\/vc_column_text][vc_empty_space height=&#8221;20px&#8221;]\n<div class=\"wpcf7 no-js\" id=\"wpcf7-f1195-o1\" lang=\"fr-FR\" dir=\"ltr\" data-wpcf7-id=\"1195\">\n<div class=\"screen-reader-response\"><p role=\"status\" aria-live=\"polite\" aria-atomic=\"true\"><\/p> <ul><\/ul><\/div>\n<form action=\"\/fr\/wp-json\/wp\/v2\/pages\/601#wpcf7-f1195-o1\" method=\"post\" class=\"wpcf7-form init\" aria-label=\"Formulaire de contact\" novalidate=\"novalidate\" data-status=\"init\">\n<fieldset class=\"hidden-fields-container\"><input type=\"hidden\" name=\"_wpcf7\" value=\"1195\" \/><input type=\"hidden\" name=\"_wpcf7_version\" value=\"6.1\" \/><input type=\"hidden\" name=\"_wpcf7_locale\" value=\"fr_FR\" \/><input type=\"hidden\" name=\"_wpcf7_unit_tag\" value=\"wpcf7-f1195-o1\" \/><input type=\"hidden\" name=\"_wpcf7_container_post\" value=\"0\" \/><input type=\"hidden\" name=\"_wpcf7_posted_data_hash\" value=\"\" \/><input type=\"hidden\" name=\"_wpcf7_recaptcha_response\" value=\"\" \/>\n<\/fieldset>\n<form>\n\t<p><label>Nom et pr\u00e9nom*<br \/>\n<span class=\"wpcf7-form-control-wrap\" data-name=\"your-name\"><input size=\"40\" maxlength=\"400\" class=\"wpcf7-form-control wpcf7-text wpcf7-validates-as-required\" aria-required=\"true\" aria-invalid=\"false\" placeholder=\"Votre nom complet\" value=\"\" type=\"text\" name=\"your-name\" \/><\/span><br \/>\n<\/label>\n\t<\/p>\n\t<p><label>Email de contact*<br \/>\n<span class=\"wpcf7-form-control-wrap\" data-name=\"your-email\"><input size=\"40\" maxlength=\"400\" class=\"wpcf7-form-control wpcf7-email wpcf7-validates-as-required wpcf7-text wpcf7-validates-as-email\" aria-required=\"true\" aria-invalid=\"false\" placeholder=\"votre@email.com\" value=\"\" type=\"email\" name=\"your-email\" \/><\/span><br \/>\n<\/label>\n\t<\/p>\n\t<p><label>T\u00e9l\u00e9phone portable* (avec indicatif international)<br \/>\n<span class=\"wpcf7-form-control-wrap\" data-name=\"phone\"><input size=\"40\" maxlength=\"400\" class=\"wpcf7-form-control wpcf7-tel wpcf7-validates-as-required wpcf7-text wpcf7-validates-as-tel\" aria-required=\"true\" aria-invalid=\"false\" placeholder=\"+33 6 12 34 56 78\" value=\"\" type=\"tel\" name=\"phone\" \/><\/span><br \/>\n<\/label>\n\t<\/p>\n\t<p><label>Destination pr\u00e9f\u00e9r\u00e9e*<br \/>\n<span class=\"wpcf7-form-control-wrap\" data-name=\"destination\"><select class=\"wpcf7-form-control wpcf7-select wpcf7-validates-as-required\" aria-required=\"true\" aria-invalid=\"false\" name=\"destination\"><option value=\"\">&#8212;Veuillez choisir une option&#8212;<\/option><option value=\"Madrid\">Madrid<\/option><option value=\"Barcelone\">Barcelone<\/option><option value=\"S\u00e9ville\">S\u00e9ville<\/option><option value=\"Costa Brava\">Costa Brava<\/option><option value=\"\u00celes Bal\u00e9ares\">\u00celes Bal\u00e9ares<\/option><option value=\"Nous ne savons pas encore\">Nous ne savons pas encore<\/option><\/select><\/span><br \/>\n<\/label>\n\t<\/p>\n\t<p><label>Exp\u00e9riences<br \/>\n<span class=\"wpcf7-form-control-wrap\" data-name=\"pack\"><select class=\"wpcf7-form-control wpcf7-select\" aria-invalid=\"false\" name=\"pack\"><option value=\"\">&#8212;Veuillez choisir une option&#8212;<\/option><option value=\"Chic &amp; Fiesta\">Chic &amp; Fiesta<\/option><option value=\"Relax &amp; Wellness\">Relax &amp; Wellness<\/option><option value=\"M\u00e9diterran\u00e9enne\">M\u00e9diterran\u00e9enne<\/option><option value=\"Cr\u00e9ative &amp; \u00c9motionnelle\">Cr\u00e9ative &amp; \u00c9motionnelle<\/option><option value=\"Weekend Total\">Weekend Total<\/option><option value=\"Urbaine &amp; Cool\">Urbaine &amp; Cool<\/option><option value=\"Nous n\u2019avons pas encore d\u00e9cid\u00e9\">Nous n\u2019avons pas encore d\u00e9cid\u00e9<\/option><\/select><\/span><br \/>\n<\/label>\n\t<\/p>\n\t<p>Quelles activit\u00e9s vous inspirent le plus pour votre EVJF ? (Vous pouvez en s\u00e9lectionner plusieurs)\n\t<\/p>\n\t<p><span class=\"wpcf7-form-control-wrap\" data-name=\"activities\"><span class=\"wpcf7-form-control wpcf7-checkbox\"><span class=\"wpcf7-list-item first\"><label><input type=\"checkbox\" name=\"activities[]\" value=\"H\u00e9bergement\" \/><span class=\"wpcf7-list-item-label\">H\u00e9bergement<\/span><\/label><\/span><span class=\"wpcf7-list-item\"><label><input type=\"checkbox\" name=\"activities[]\" value=\"Brunch\" \/><span class=\"wpcf7-list-item-label\">Brunch<\/span><\/label><\/span><span class=\"wpcf7-list-item\"><label><input type=\"checkbox\" name=\"activities[]\" value=\"D\u00e9gustation de vin\" \/><span class=\"wpcf7-list-item-label\">D\u00e9gustation de vin<\/span><\/label><\/span><span class=\"wpcf7-list-item\"><label><input type=\"checkbox\" name=\"activities[]\" value=\"D\u00eener\" \/><span class=\"wpcf7-list-item-label\">D\u00eener<\/span><\/label><\/span><span class=\"wpcf7-list-item\"><label><input type=\"checkbox\" name=\"activities[]\" value=\"Jewel &amp; Wine\" \/><span class=\"wpcf7-list-item-label\">Jewel &amp; Wine<\/span><\/label><\/span><span class=\"wpcf7-list-item\"><label><input type=\"checkbox\" name=\"activities[]\" value=\"Balades urbaines\" \/><span class=\"wpcf7-list-item-label\">Balades urbaines<\/span><\/label><\/span><span class=\"wpcf7-list-item\"><label><input type=\"checkbox\" name=\"activities[]\" value=\"Balade \u00e0 cheval\" \/><span class=\"wpcf7-list-item-label\">Balade \u00e0 cheval<\/span><\/label><\/span><span class=\"wpcf7-list-item\"><label><input type=\"checkbox\" name=\"activities[]\" value=\"Balade en bateau\" \/><span class=\"wpcf7-list-item-label\">Balade en bateau<\/span><\/label><\/span><span class=\"wpcf7-list-item\"><label><input type=\"checkbox\" name=\"activities[]\" value=\"Spa \/ Bien-\u00eatre\" \/><span class=\"wpcf7-list-item-label\">Spa \/ Bien-\u00eatre<\/span><\/label><\/span><span class=\"wpcf7-list-item\"><label><input type=\"checkbox\" name=\"activities[]\" value=\"Atelier de cocktails\" \/><span class=\"wpcf7-list-item-label\">Atelier de cocktails<\/span><\/label><\/span><span class=\"wpcf7-list-item\"><label><input type=\"checkbox\" name=\"activities[]\" value=\"Atelier floral\" \/><span class=\"wpcf7-list-item-label\">Atelier floral<\/span><\/label><\/span><span class=\"wpcf7-list-item last\"><label><input type=\"checkbox\" name=\"activities[]\" value=\"Bien-\u00eatre \/ D\u00e9tente\" \/><span class=\"wpcf7-list-item-label\">Bien-\u00eatre \/ D\u00e9tente<\/span><\/label><\/span><\/span><\/span>\n\t<\/p>\n\t<p><label>Date de d\u00e9but souhait\u00e9e*<br \/>\n<span class=\"wpcf7-form-control-wrap\" data-name=\"start-date\"><input class=\"wpcf7-form-control wpcf7-date wpcf7-validates-as-required wpcf7-validates-as-date\" aria-required=\"true\" aria-invalid=\"false\" value=\"\" type=\"date\" name=\"start-date\" \/><\/span><br \/>\n<\/label>\n\t<\/p>\n\t<p><label>Date de fin souhait\u00e9e*<br \/>\n<span class=\"wpcf7-form-control-wrap\" data-name=\"end-date\"><input class=\"wpcf7-form-control wpcf7-date wpcf7-validates-as-required wpcf7-validates-as-date\" aria-required=\"true\" aria-invalid=\"false\" value=\"\" type=\"date\" name=\"end-date\" \/><\/span><br \/>\n<\/label>\n\t<\/p>\n\t<p><label>Nombre approximatif de participantes*<br \/>\n<span class=\"wpcf7-form-control-wrap\" data-name=\"people\"><input class=\"wpcf7-form-control wpcf7-number wpcf7-validates-as-required wpcf7-validates-as-number\" min=\"2\" max=\"30\" aria-required=\"true\" aria-invalid=\"false\" placeholder=\"Ex. 7\" value=\"\" type=\"number\" name=\"people\" \/><\/span><br \/>\n<\/label>\n\t<\/p>\n\t<p><label>Souhaitez-vous nous en dire plus ?<br \/>\n<span class=\"wpcf7-form-control-wrap\" data-name=\"your-message\"><textarea cols=\"40\" rows=\"10\" maxlength=\"2000\" class=\"wpcf7-form-control wpcf7-textarea\" aria-invalid=\"false\" placeholder=\"Doutes, id\u00e9es ou pr\u00e9f\u00e9rences \u00e0 ajouter\" name=\"your-message\"><\/textarea><\/span><br \/>\n<\/label>\n\t<\/p>\n\t<p><span><span class=\"wpcf7-form-control-wrap\" data-name=\"acceptance-279\"><span class=\"wpcf7-form-control wpcf7-acceptance\"><span class=\"wpcf7-list-item\"><input type=\"checkbox\" name=\"acceptance-279\" value=\"1\" aria-invalid=\"false\" \/><\/span><\/span><\/span> J\u2019ai lu et j\u2019accepte les <a target=\"_blank\" rel=\"nofollow noopener noreferrer\" href=\"\/aviso-legal\/\">Mentions l\u00e9gales<\/a> et la <a target=\"_blank\" rel=\"nofollow noopener noreferrer\" href=\"\/politica-de-privacidad\/\">Politique de confidentialit\u00e9<\/a>.<\/span>\n\t<\/p>\n\t<p><input class=\"wpcf7-form-control wpcf7-submit has-spinner\" type=\"submit\" value=\"Envoyer ma demande\" \/>\n\t<\/p>\n<\/form><p style=\"display: none !important;\" class=\"akismet-fields-container\" data-prefix=\"_wpcf7_ak_\"><label>&#916;<textarea name=\"_wpcf7_ak_hp_textarea\" cols=\"45\" rows=\"8\" maxlength=\"100\"><\/textarea><\/label><input type=\"hidden\" id=\"ak_js_1\" name=\"_wpcf7_ak_js\" value=\"231\"\/><script>document.getElementById( \"ak_js_1\" ).setAttribute( \"value\", ( new Date() ).getTime() );<\/script><\/p><div class=\"wpcf7-response-output\" aria-hidden=\"true\"><\/div>\n<\/form>\n<\/div>\n[\/vc_column][vc_column width=&#8221;1\/4&#8243;][\/vc_column][\/vc_row]\n<\/div>","protected":false},"excerpt":{"rendered":"<p>[vc_row full_width=&#8221;stretch_row_content_no_spaces&#8221; css=&#8221;.vc_custom_1753204481024{background-color: #F6BCAE !important;}&#8221;][vc_column width=&#8221;1\/4&#8243;][\/vc_column][vc_column width=&#8221;1\/2&#8243;][vc_empty_space height=&#8221;50px&#8221;][vc_column_text css=&#8221;.vc_custom_1753734351863{padding-right: 10% !important;padding-left: 10% !important;}&#8221; text_align=&#8221;center&#8221; color=&#8221;#000000&#8243; font_size=&#8221;40&#8243; font_family=&#8221;Playfair Display&#8221; line_height=&#8221;44px&#8221; letter_spacing=&#8221;-1px&#8221; font_weight=&#8221;500&#8243;]On commence \u00e0 organiser quelque chose d\u2019inoubliable ?[\/vc_column_text][vc_empty_space height=&#8221;20px&#8221;][vc_column_text css=&#8221;.vc_custom_1753734323294{padding-right: 5% !important;padding-left: 5% !important;}&#8221; text_align=&#8221;center&#8221; color=&#8221;#030303&#8243; font_family=&#8221;Poppins&#8221;]Racontez-nous comment vous imaginez votre enterrement de vie de jeune fille et nous vous enverrons une proposition sur mesure,&hellip;<\/p>\n","protected":false},"author":3,"featured_media":0,"parent":0,"menu_order":0,"comment_status":"closed","ping_status":"closed","template":"","meta":{"_joinchat":[],"footnotes":""},"class_list":["post-601","page","type-page","status-publish","hentry","entry","no-media"],"yoast_head":"<!-- This site is optimized with the Yoast SEO plugin v25.5 - https:\/\/yoast.com\/wordpress\/plugins\/seo\/ -->\n<title>Contact - Bachelorette Spain<\/title>\n<meta name=\"robots\" content=\"index, follow, max-snippet:-1, max-image-preview:large, max-video-preview:-1\" \/>\n<link rel=\"canonical\" href=\"https:\/\/bachelorettespain.com\/fr\/contactar\/\" \/>\n<meta property=\"og:locale\" content=\"fr_FR\" \/>\n<meta property=\"og:type\" content=\"article\" \/>\n<meta property=\"og:title\" content=\"Contact - Bachelorette Spain\" \/>\n<meta property=\"og:description\" content=\"[vc_row full_width=&#8221;stretch_row_content_no_spaces&#8221; css=&#8221;.vc_custom_1753204481024{background-color: #F6BCAE !important;}&#8221;][vc_column width=&#8221;1\/4&#8243;][\/vc_column][vc_column width=&#8221;1\/2&#8243;][vc_empty_space height=&#8221;50px&#8221;][vc_column_text css=&#8221;.vc_custom_1753734351863{padding-right: 10% !important;padding-left: 10% !important;}&#8221; text_align=&#8221;center&#8221; color=&#8221;#000000&#8243; font_size=&#8221;40&#8243; font_family=&#8221;Playfair Display&#8221; line_height=&#8221;44px&#8221; letter_spacing=&#8221;-1px&#8221; font_weight=&#8221;500&#8243;]On commence \u00e0 organiser quelque chose d\u2019inoubliable ?[\/vc_column_text][vc_empty_space height=&#8221;20px&#8221;][vc_column_text css=&#8221;.vc_custom_1753734323294{padding-right: 5% !important;padding-left: 5% !important;}&#8221; text_align=&#8221;center&#8221; color=&#8221;#030303&#8243; font_family=&#8221;Poppins&#8221;]Racontez-nous comment vous imaginez votre enterrement de vie de jeune fille et nous vous enverrons une proposition sur mesure,&hellip;\" \/>\n<meta property=\"og:url\" content=\"https:\/\/bachelorettespain.com\/fr\/contactar\/\" \/>\n<meta property=\"og:site_name\" content=\"Bachelorette Spain\" \/>\n<meta property=\"article:modified_time\" content=\"2025-07-28T20:25:55+00:00\" \/>\n<meta name=\"twitter:card\" content=\"summary_large_image\" \/>\n<meta name=\"twitter:label1\" content=\"Dur\u00e9e de lecture estim\u00e9e\" \/>\n\t<meta name=\"twitter:data1\" content=\"1 minute\" \/>\n<script type=\"application\/ld+json\" class=\"yoast-schema-graph\">{\"@context\":\"https:\/\/schema.org\",\"@graph\":[{\"@type\":\"WebPage\",\"@id\":\"https:\/\/bachelorettespain.com\/fr\/contactar\/\",\"url\":\"https:\/\/bachelorettespain.com\/fr\/contactar\/\",\"name\":\"Contact - Bachelorette Spain\",\"isPartOf\":{\"@id\":\"https:\/\/bachelorettespain.com\/#website\"},\"datePublished\":\"2025-07-11T07:31:05+00:00\",\"dateModified\":\"2025-07-28T20:25:55+00:00\",\"breadcrumb\":{\"@id\":\"https:\/\/bachelorettespain.com\/fr\/contactar\/#breadcrumb\"},\"inLanguage\":\"fr-FR\",\"potentialAction\":[{\"@type\":\"ReadAction\",\"target\":[\"https:\/\/bachelorettespain.com\/fr\/contactar\/\"]}]},{\"@type\":\"BreadcrumbList\",\"@id\":\"https:\/\/bachelorettespain.com\/fr\/contactar\/#breadcrumb\",\"itemListElement\":[{\"@type\":\"ListItem\",\"position\":1,\"name\":\"Home\",\"item\":\"https:\/\/bachelorettespain.com\/fr\/\"},{\"@type\":\"ListItem\",\"position\":2,\"name\":\"Contact\"}]},{\"@type\":\"WebSite\",\"@id\":\"https:\/\/bachelorettespain.com\/#website\",\"url\":\"https:\/\/bachelorettespain.com\/\",\"name\":\"Bachelorette Spain\",\"description\":\"Bachelorette Spain\",\"publisher\":{\"@id\":\"https:\/\/bachelorettespain.com\/#organization\"},\"potentialAction\":[{\"@type\":\"SearchAction\",\"target\":{\"@type\":\"EntryPoint\",\"urlTemplate\":\"https:\/\/bachelorettespain.com\/?s={search_term_string}\"},\"query-input\":{\"@type\":\"PropertyValueSpecification\",\"valueRequired\":true,\"valueName\":\"search_term_string\"}}],\"inLanguage\":\"fr-FR\"},{\"@type\":\"Organization\",\"@id\":\"https:\/\/bachelorettespain.com\/#organization\",\"name\":\"Bachelorette Spain\",\"url\":\"https:\/\/bachelorettespain.com\/\",\"logo\":{\"@type\":\"ImageObject\",\"inLanguage\":\"fr-FR\",\"@id\":\"https:\/\/bachelorettespain.com\/#\/schema\/logo\/image\/\",\"url\":\"https:\/\/bachelorettespain.com\/wp-content\/uploads\/2025\/07\/logo.png\",\"contentUrl\":\"https:\/\/bachelorettespain.com\/wp-content\/uploads\/2025\/07\/logo.png\",\"width\":811,\"height\":101,\"caption\":\"Bachelorette Spain\"},\"image\":{\"@id\":\"https:\/\/bachelorettespain.com\/#\/schema\/logo\/image\/\"}}]}<\/script>\n<!-- \/ Yoast SEO plugin. -->","yoast_head_json":{"title":"Contact - Bachelorette Spain","robots":{"index":"index","follow":"follow","max-snippet":"max-snippet:-1","max-image-preview":"max-image-preview:large","max-video-preview":"max-video-preview:-1"},"canonical":"https:\/\/bachelorettespain.com\/fr\/contactar\/","og_locale":"fr_FR","og_type":"article","og_title":"Contact - Bachelorette Spain","og_description":"[vc_row full_width=&#8221;stretch_row_content_no_spaces&#8221; css=&#8221;.vc_custom_1753204481024{background-color: #F6BCAE !important;}&#8221;][vc_column width=&#8221;1\/4&#8243;][\/vc_column][vc_column width=&#8221;1\/2&#8243;][vc_empty_space height=&#8221;50px&#8221;][vc_column_text css=&#8221;.vc_custom_1753734351863{padding-right: 10% !important;padding-left: 10% !important;}&#8221; text_align=&#8221;center&#8221; color=&#8221;#000000&#8243; font_size=&#8221;40&#8243; font_family=&#8221;Playfair Display&#8221; line_height=&#8221;44px&#8221; letter_spacing=&#8221;-1px&#8221; font_weight=&#8221;500&#8243;]On commence \u00e0 organiser quelque chose d\u2019inoubliable ?[\/vc_column_text][vc_empty_space height=&#8221;20px&#8221;][vc_column_text css=&#8221;.vc_custom_1753734323294{padding-right: 5% !important;padding-left: 5% !important;}&#8221; text_align=&#8221;center&#8221; color=&#8221;#030303&#8243; font_family=&#8221;Poppins&#8221;]Racontez-nous comment vous imaginez votre enterrement de vie de jeune fille et nous vous enverrons une proposition sur mesure,&hellip;","og_url":"https:\/\/bachelorettespain.com\/fr\/contactar\/","og_site_name":"Bachelorette Spain","article_modified_time":"2025-07-28T20:25:55+00:00","twitter_card":"summary_large_image","twitter_misc":{"Dur\u00e9e de lecture estim\u00e9e":"1 minute"},"schema":{"@context":"https:\/\/schema.org","@graph":[{"@type":"WebPage","@id":"https:\/\/bachelorettespain.com\/fr\/contactar\/","url":"https:\/\/bachelorettespain.com\/fr\/contactar\/","name":"Contact - Bachelorette Spain","isPartOf":{"@id":"https:\/\/bachelorettespain.com\/#website"},"datePublished":"2025-07-11T07:31:05+00:00","dateModified":"2025-07-28T20:25:55+00:00","breadcrumb":{"@id":"https:\/\/bachelorettespain.com\/fr\/contactar\/#breadcrumb"},"inLanguage":"fr-FR","potentialAction":[{"@type":"ReadAction","target":["https:\/\/bachelorettespain.com\/fr\/contactar\/"]}]},{"@type":"BreadcrumbList","@id":"https:\/\/bachelorettespain.com\/fr\/contactar\/#breadcrumb","itemListElement":[{"@type":"ListItem","position":1,"name":"Home","item":"https:\/\/bachelorettespain.com\/fr\/"},{"@type":"ListItem","position":2,"name":"Contact"}]},{"@type":"WebSite","@id":"https:\/\/bachelorettespain.com\/#website","url":"https:\/\/bachelorettespain.com\/","name":"Bachelorette Spain","description":"Bachelorette Spain","publisher":{"@id":"https:\/\/bachelorettespain.com\/#organization"},"potentialAction":[{"@type":"SearchAction","target":{"@type":"EntryPoint","urlTemplate":"https:\/\/bachelorettespain.com\/?s={search_term_string}"},"query-input":{"@type":"PropertyValueSpecification","valueRequired":true,"valueName":"search_term_string"}}],"inLanguage":"fr-FR"},{"@type":"Organization","@id":"https:\/\/bachelorettespain.com\/#organization","name":"Bachelorette Spain","url":"https:\/\/bachelorettespain.com\/","logo":{"@type":"ImageObject","inLanguage":"fr-FR","@id":"https:\/\/bachelorettespain.com\/#\/schema\/logo\/image\/","url":"https:\/\/bachelorettespain.com\/wp-content\/uploads\/2025\/07\/logo.png","contentUrl":"https:\/\/bachelorettespain.com\/wp-content\/uploads\/2025\/07\/logo.png","width":811,"height":101,"caption":"Bachelorette Spain"},"image":{"@id":"https:\/\/bachelorettespain.com\/#\/schema\/logo\/image\/"}}]}},"_links":{"self":[{"href":"https:\/\/bachelorettespain.com\/fr\/wp-json\/wp\/v2\/pages\/601","targetHints":{"allow":["GET"]}}],"collection":[{"href":"https:\/\/bachelorettespain.com\/fr\/wp-json\/wp\/v2\/pages"}],"about":[{"href":"https:\/\/bachelorettespain.com\/fr\/wp-json\/wp\/v2\/types\/page"}],"author":[{"embeddable":true,"href":"https:\/\/bachelorettespain.com\/fr\/wp-json\/wp\/v2\/users\/3"}],"replies":[{"embeddable":true,"href":"https:\/\/bachelorettespain.com\/fr\/wp-json\/wp\/v2\/comments?post=601"}],"version-history":[{"count":4,"href":"https:\/\/bachelorettespain.com\/fr\/wp-json\/wp\/v2\/pages\/601\/revisions"}],"predecessor-version":[{"id":1198,"href":"https:\/\/bachelorettespain.com\/fr\/wp-json\/wp\/v2\/pages\/601\/revisions\/1198"}],"wp:attachment":[{"href":"https:\/\/bachelorettespain.com\/fr\/wp-json\/wp\/v2\/media?parent=601"}],"curies":[{"name":"wp","href":"https:\/\/api.w.org\/{rel}","templated":true}]}}