{"id":605,"date":"2025-07-10T22:56:49","date_gmt":"2025-07-10T22:56:49","guid":{"rendered":"https:\/\/bachelorettespain.com\/nosotras\/"},"modified":"2025-07-28T19:31:14","modified_gmt":"2025-07-28T19:31:14","slug":"nosotras","status":"publish","type":"page","link":"https:\/\/bachelorettespain.com\/fr\/nosotras\/","title":{"rendered":"\u00c0 propos de nous"},"content":{"rendered":"<div class=\"wpb-content-wrapper\">[vc_row full_width=&#8221;stretch_row_content_no_spaces&#8221; css=&#8221;.vc_custom_1753204164699{background-color: #FBE7DE !important;}&#8221;][vc_column]\n\t\t\t\t<p class=\"rs-p-wp-fix\"><\/p>\n\t\t\t\t<sr7-module data-alias=\"nosotras-1\" data-id=\"15\" id=\"SR7_15_1\" class=\"rs-ov-hidden\" data-version=\"6.7.35\">\n\t\t\t\t\t<sr7-adjuster><\/sr7-adjuster>\n\t\t\t\t\t<sr7-content>\n\t\t\t\t\t\t<sr7-slide id=\"SR7_15_1-59\" data-key=\"59\">\n\t\t\t\t\t\t\t<sr7-bg id=\"SR7_15_1-59-4\" class=\"sr7-layer\"><noscript><img src=\"https:\/\/bachelorettespain.com\/wp-content\/uploads\/2025\/07\/alice3.jpg\" alt=\"\" title=\"alice3\"><\/noscript><\/sr7-bg>\n\t\t\t\t\t\t\t<sr7-txt id=\"SR7_15_1-59-1\" class=\"sr7-layer\">Nous le <em>cr\u00e9ons<\/em>, vous le vivez.<\/sr7-txt>\n\t\t\t\t\t\t\t<sr7-txt id=\"SR7_15_1-59-3\" class=\"sr7-layer\">Bachelorette Spain<\/sr7-txt>\n\t\t\t\t\t\t<\/sr7-slide>\n\t\t\t\t\t\t<sr7-slide id=\"SR7_15_1-60\" data-key=\"60\">\n\t\t\t\t\t\t<\/sr7-slide>\n\t\t\t\t\t<\/sr7-content>\n\t\t\t\t\t<image_lists style=\"display:none\">\n\t\t\t\t\t\t<img data-src=\"\/\/bachelorettespain.com\/wp-content\/uploads\/2025\/07\/alice3.jpg\" data-libid=\"618\" data-lib=\"medialibrary\" title=\"alice3\" width=\"0\" height=\"0\" data-dbsrc=\"Ly9iYWNoZWxvcmV0dGVzcGFpbi5jb20vd3AtY29udGVudC91cGxvYWRzLzIwMjUvMDcvYWxpY2UzLmpwZw==\"\/>\n\t\t\t\t\t<\/image_lists>\n\t\t\t\t<\/sr7-module>\n\t\t\t\t<script>\n\t\t\t\t\tSR7.PMH ??={}; SR7.PMH[\"SR7_15_1\"] = {cn:100,state:false,fn: function() { if (_tpt!==undefined && _tpt.prepareModuleHeight !== undefined) {  _tpt.prepareModuleHeight({id:\"SR7_15_1\",el:[750,750,750,750,720],type:'standard',shdw:'0',gh:[750,750,750,750,720],gw:[2000,2000,2000,2000,480],vpt:['-100px&#039;,&#039;-100px&#039;,&#039;-100px&#039;,&#039;-100px&#039;,&#039;-100px'],size:{fullWidth:true, fullHeight:false},mh:'0',onh:0,onw:0,bg:{color:'{\"orig\":\"transparent\",\"type\":\"solid\",\"string\":\"transparent\"}'}});   SR7.PMH[\"SR7_15_1\"].state=true;} else if(SR7.PMH[\"SR7_15_1\"].cn-->0)\tsetTimeout( SR7.PMH[\"SR7_15_1\"].fn,19);}};SR7.PMH[\"SR7_15_1\" ].fn();\n\t\t\t\t<\/script>\n[\/vc_column][\/vc_row][vc_row][vc_column width=&#8221;1\/2&#8243; css=&#8221;.vc_custom_1752188818240{padding-right: 5% !important;padding-left: 5% !important;}&#8221;][vc_empty_space height=&#8221;50px&#8221;][vc_column_text css=&#8221;.vc_custom_1753731034577{padding-right: 5% !important;}&#8221; text_align=&#8221;left&#8221; color=&#8221;#000000&#8243; font_size=&#8221;26&#8243; font_family=&#8221;Playfair Display&#8221; line_height=&#8221;30px&#8221; letter_spacing=&#8221;-1px&#8221; font_weight=&#8221;500&#8243;]Une agence sp\u00e9cialis\u00e9e dans les enterrements de vie de jeune fille \u00e9l\u00e9gants, personnalis\u00e9s et sans stress. Cr\u00e9\u00e9e par des femmes, pour des femmes.[\/vc_column_text][vc_empty_space height=&#8221;40px&#8221;][vc_column_text css=&#8221;.vc_custom_1753731011488{border-left-width: 1px !important;padding-right: 10% !important;padding-left: 10% !important;border-left-style: solid !important;border-color: #000000 !important;}&#8221; text_align=&#8221;left&#8221; color=&#8221;#030303&#8243; font_family=&#8221;Poppins&#8221; el_class=&#8221;justificar&#8221;]\n<p style=\"text-align: justify;\">Bachelorette Spain est n\u00e9e d\u2019une id\u00e9e claire : transformer les enterrements de vie de jeune fille en exp\u00e9riences uniques, esth\u00e9tiques, r\u00e9fl\u00e9chies et enti\u00e8rement personnalis\u00e9es. Nous savons qu\u2019organiser ce type de voyage peut \u00eatre un vrai d\u00e9fi \u2014 par manque de temps, pour des raisons logistiques ou \u00e0 cause des attentes \u2014 c\u2019est pourquoi nous transformons la complexit\u00e9 en quelque chose de simple, fluide et soign\u00e9.<\/p>\n<p style=\"text-align: justify;\">Nous ne proposons ni formules toutes faites ni solutions standardis\u00e9es. Nous \u00e9coutons, nous proposons, et nous concevons chaque enterrement en fonction du groupe, du style, du rythme et des envies de chaque future mari\u00e9e. Nous le faisons avec \u00e9l\u00e9gance, exigence et une attention particuli\u00e8re aux d\u00e9tails. Parce qu\u2019un enterrement peut \u00eatre joyeux sans \u00eatre vulgaire, \u00e9mouvant sans clich\u00e9s, et unique sans stress.<\/p>\n<p style=\"text-align: justify;\">Depuis nos bureaux en Espagne, nous collaborons avec un r\u00e9seau exclusif de partenaires et de destinations s\u00e9lectionn\u00e9es pour garantir des exp\u00e9riences r\u00e9ellement inoubliables.<\/p>\n<blockquote><p><span style=\"color: #000000;\"><strong>Envie qu\u2019on organise le v\u00f4tre ?<\/strong><br \/>\nD\u00e9couvrez nos packs ou racontez-nous comment vous imaginez votre enterrement.<\/span><\/p><\/blockquote>\n[\/vc_column_text][vc_empty_space height=&#8221;40px&#8221;]<style>.vcex-button.vcex_69dae29690dad{background:#f6bcae;color:#000000!important;font-family:Poppins, sans-serif;}.vcex-button.vcex_69dae29690dad:hover{background:#000000!important;color:#fefefe!important;}<\/style><div class=\"vc_custom_1753204193143 wpex-clr\"><a href=\"https:\/\/bachelorettespain.com\/contactar\/\" class=\"vcex-button theme-button large inline vcex_69dae29690dad\"><span class=\"vcex-button-inner theme-button-inner wpex-flex wpex-flex-wrap wpex-items-center wpex-justify-center\"><span class=\"vcex-button-icon vcex-icon-wrap theme-button-icon-left\"><span class=\"wpex-icon\" aria-hidden=\"true\"><svg xmlns=\"http:\/\/www.w3.org\/2000\/svg\" viewBox=\"0 0 512 512\"><path d=\"M168.2 384.9c-15-5.4-31.7-3.1-44.6 6.4c-8.2 6-22.3 14.8-39.4 22.7c5.6-14.7 9.9-31.3 11.3-49.4c1-12.9-3.3-25.7-11.8-35.5C60.4 302.8 48 272 48 240c0-79.5 83.3-160 208-160s208 80.5 208 160s-83.3 160-208 160c-31.6 0-61.3-5.5-87.8-15.1zM26.3 423.8c-1.6 2.7-3.3 5.4-5.1 8.1l-.3 .5c-1.6 2.3-3.2 4.6-4.8 6.9c-3.5 4.7-7.3 9.3-11.3 13.5c-4.6 4.6-5.9 11.4-3.4 17.4c2.5 6 8.3 9.9 14.8 9.9c5.1 0 10.2-.3 15.3-.8l.7-.1c4.4-.5 8.8-1.1 13.2-1.9c.8-.1 1.6-.3 2.4-.5c17.8-3.5 34.9-9.5 50.1-16.1c22.9-10 42.4-21.9 54.3-30.6c31.8 11.5 67 17.9 104.1 17.9c141.4 0 256-93.1 256-208S397.4 32 256 32S0 125.1 0 240c0 45.1 17.7 86.8 47.7 120.9c-1.9 24.5-11.4 46.3-21.4 62.9zM144 272a32 32 0 1 0 0-64 32 32 0 1 0 0 64zm144-32a32 32 0 1 0 -64 0 32 32 0 1 0 64 0zm80 32a32 32 0 1 0 0-64 32 32 0 1 0 0 64z\"\/><\/svg><\/span><\/span>Solicita tu propuesta<\/span><\/a><\/div> [\/vc_column][vc_column width=&#8221;1\/2&#8243;][vc_empty_space height=&#8221;50px&#8221;][vc_single_image image=&#8221;1117&#8243; style=&#8221;vc_box_rounded&#8221; css=&#8221;.vc_custom_1753604227708{padding-right: 5% !important;padding-left: 5% !important;}&#8221;][vc_column_text css=&#8221;.vc_custom_1753731051433{padding-right: 10% !important;padding-left: 5% !important;}&#8221; text_align=&#8221;left&#8221; color=&#8221;#030303&#8243; font_family=&#8221;Poppins&#8221;]\n<h4><b>\u00c0 propos d\u2019Alice<\/b><\/h4>\n[\/vc_column_text][vc_column_text css=&#8221;.vc_custom_1753731071687{border-left-width: 1px !important;padding-right: 10% !important;padding-left: 5% !important;border-left-style: solid !important;border-color: #000000 !important;}&#8221; text_align=&#8221;left&#8221; color=&#8221;#030303&#8243; font_family=&#8221;Poppins&#8221; el_class=&#8221;justificar&#8221;]\n<p style=\"text-align: justify;\"><strong>Fondatrice de Bachelorette Spain<\/strong><\/p>\n<p style=\"text-align: justify;\">Je m&#8217;appelle <strong>Alice Jonqu\u00e8res d\u2019Oriola Bancon<\/strong>, fondatrice de Bachelorette.<\/p>\n<p style=\"text-align: justify;\">Entre Madrid et Londres, j\u2019ai d\u00e9velopp\u00e9 une mentalit\u00e9 internationale et je ma\u00eetrise parfaitement le fran\u00e7ais, l\u2019espagnol et l\u2019anglais. Je vis actuellement \u00e0 Madrid, une ville vibrante qui refl\u00e8te parfaitement l\u2019esprit de mes \u00e9v\u00e9nements : \u00e9l\u00e9gants, joyeux et cosmopolites.<\/p>\n<p style=\"text-align: justify;\">J\u2019ai cr\u00e9\u00e9 Bachelorette avec une id\u00e9e claire : <strong>r\u00e9inventer le concept de l\u2019enterrement de vie de jeune fille<\/strong>. Je voulais m\u2019\u00e9loigner des clich\u00e9s pour proposer des exp\u00e9riences plus sophistiqu\u00e9es, stylis\u00e9es et sensibles, toujours adapt\u00e9es aux envies et \u00e0 la personnalit\u00e9 de chaque groupe.<\/p>\n<p style=\"text-align: justify;\">Je sais, par exp\u00e9rience, \u00e0 quel point organiser ce type d\u2019\u00e9v\u00e9nement peut \u00eatre complexe : budgets diff\u00e9rents, go\u00fbts vari\u00e9s, attentes \u00e9lev\u00e9es\u2026 sans parler de la logistique. C\u2019est pourquoi ma mission est de tout faire pour vous, avec soin, \u00e9l\u00e9gance et un accompagnement personnalis\u00e9. Vous n\u2019avez plus qu\u2019\u00e0 profiter : je m\u2019occupe du reste.<\/p>\n<p style=\"text-align: justify;\">Gr\u00e2ce \u00e0 ma formation en <strong data-start=\"1065\" data-end=\"1110\">Business Administration \u00e0 l\u2019IE University<\/strong> et \u00e0 mon exp\u00e9rience dans le secteur de l\u2019\u00e9v\u00e9nementiel et de la communication, j\u2019ai d\u00e9velopp\u00e9 une vision \u00e0 la fois globale, structur\u00e9e et cr\u00e9ative. Ce qui me passionne, c\u2019est cr\u00e9er des moments uniques, pens\u00e9s dans les moindres d\u00e9tails, qui c\u00e9l\u00e8brent des amiti\u00e9s sinc\u00e8res et laissent des souvenirs inoubliables.<\/p>\n<p style=\"text-align: justify;\"><strong data-start=\"1422\" data-end=\"1472\">Passionn\u00e9e de mode, de d\u00e9coration, de bon go\u00fbt<\/strong> \u2014 et surtout d\u2019<strong data-start=\"1488\" data-end=\"1502\">\u00e9quitation<\/strong>, ma grande passion depuis l\u2019enfance \u2014 je m\u2019inspire d\u2019univers raffin\u00e9s et f\u00e9minins pour fa\u00e7onner chaque exp\u00e9rience Bachelorette.<\/p>\n<p style=\"text-align: justify;\"><strong>Je crois aux c\u00e9l\u00e9brations faites avec \u00e2me. Et rien ne me rend plus heureuse que de vous aider \u00e0 cr\u00e9er la v\u00f4tre.<\/strong><\/p>\n[\/vc_column_text][\/vc_column][\/vc_row][vc_row][vc_column][\/vc_column][\/vc_row]\n<\/div>","protected":false},"excerpt":{"rendered":"<p>[vc_row full_width=&#8221;stretch_row_content_no_spaces&#8221; css=&#8221;.vc_custom_1753204164699{background-color: #FBE7DE !important;}&#8221;][vc_column][\/vc_column][\/vc_row][vc_row][vc_column width=&#8221;1\/2&#8243; css=&#8221;.vc_custom_1752188818240{padding-right: 5% !important;padding-left: 5% !important;}&#8221;][vc_empty_space height=&#8221;50px&#8221;][vc_column_text css=&#8221;.vc_custom_1753731034577{padding-right: 5% !important;}&#8221; text_align=&#8221;left&#8221; color=&#8221;#000000&#8243; font_size=&#8221;26&#8243; font_family=&#8221;Playfair Display&#8221; line_height=&#8221;30px&#8221; letter_spacing=&#8221;-1px&#8221; font_weight=&#8221;500&#8243;]Une agence sp\u00e9cialis\u00e9e dans les enterrements de vie de jeune fille \u00e9l\u00e9gants, personnalis\u00e9s et sans stress. Cr\u00e9\u00e9e par des femmes, pour des femmes.[\/vc_column_text][vc_empty_space height=&#8221;40px&#8221;][vc_column_text css=&#8221;.vc_custom_1753731011488{border-left-width: 1px !important;padding-right: 10% !important;padding-left: 10% !important;border-left-style: solid !important;border-color:&hellip;<\/p>\n","protected":false},"author":3,"featured_media":0,"parent":0,"menu_order":0,"comment_status":"closed","ping_status":"closed","template":"","meta":{"_joinchat":[],"footnotes":""},"class_list":["post-605","page","type-page","status-publish","hentry","entry","no-media"],"yoast_head":"<!-- This site is optimized with the Yoast SEO plugin v25.5 - https:\/\/yoast.com\/wordpress\/plugins\/seo\/ -->\n<title>\u00c0 propos de nous - Bachelorette Spain<\/title>\n<meta name=\"robots\" content=\"index, follow, max-snippet:-1, max-image-preview:large, max-video-preview:-1\" \/>\n<link rel=\"canonical\" href=\"https:\/\/bachelorettespain.com\/fr\/nosotras\/\" \/>\n<meta property=\"og:locale\" content=\"fr_FR\" \/>\n<meta property=\"og:type\" content=\"article\" \/>\n<meta property=\"og:title\" content=\"\u00c0 propos de nous - Bachelorette Spain\" \/>\n<meta property=\"og:description\" content=\"[vc_row full_width=&#8221;stretch_row_content_no_spaces&#8221; css=&#8221;.vc_custom_1753204164699{background-color: #FBE7DE !important;}&#8221;][vc_column][\/vc_column][\/vc_row][vc_row][vc_column width=&#8221;1\/2&#8243; css=&#8221;.vc_custom_1752188818240{padding-right: 5% !important;padding-left: 5% !important;}&#8221;][vc_empty_space height=&#8221;50px&#8221;][vc_column_text css=&#8221;.vc_custom_1753731034577{padding-right: 5% !important;}&#8221; text_align=&#8221;left&#8221; color=&#8221;#000000&#8243; font_size=&#8221;26&#8243; font_family=&#8221;Playfair Display&#8221; line_height=&#8221;30px&#8221; letter_spacing=&#8221;-1px&#8221; font_weight=&#8221;500&#8243;]Une agence sp\u00e9cialis\u00e9e dans les enterrements de vie de jeune fille \u00e9l\u00e9gants, personnalis\u00e9s et sans stress. Cr\u00e9\u00e9e par des femmes, pour des femmes.[\/vc_column_text][vc_empty_space height=&#8221;40px&#8221;][vc_column_text css=&#8221;.vc_custom_1753731011488{border-left-width: 1px !important;padding-right: 10% !important;padding-left: 10% !important;border-left-style: solid !important;border-color:&hellip;\" \/>\n<meta property=\"og:url\" content=\"https:\/\/bachelorettespain.com\/fr\/nosotras\/\" \/>\n<meta property=\"og:site_name\" content=\"Bachelorette Spain\" \/>\n<meta property=\"article:modified_time\" content=\"2025-07-28T19:31:14+00:00\" \/>\n<meta name=\"twitter:card\" content=\"summary_large_image\" \/>\n<meta name=\"twitter:label1\" content=\"Dur\u00e9e de lecture estim\u00e9e\" \/>\n\t<meta name=\"twitter:data1\" content=\"3 minutes\" \/>\n<script type=\"application\/ld+json\" class=\"yoast-schema-graph\">{\"@context\":\"https:\/\/schema.org\",\"@graph\":[{\"@type\":\"WebPage\",\"@id\":\"https:\/\/bachelorettespain.com\/fr\/nosotras\/\",\"url\":\"https:\/\/bachelorettespain.com\/fr\/nosotras\/\",\"name\":\"\u00c0 propos de nous - Bachelorette Spain\",\"isPartOf\":{\"@id\":\"https:\/\/bachelorettespain.com\/#website\"},\"datePublished\":\"2025-07-10T22:56:49+00:00\",\"dateModified\":\"2025-07-28T19:31:14+00:00\",\"breadcrumb\":{\"@id\":\"https:\/\/bachelorettespain.com\/fr\/nosotras\/#breadcrumb\"},\"inLanguage\":\"fr-FR\",\"potentialAction\":[{\"@type\":\"ReadAction\",\"target\":[\"https:\/\/bachelorettespain.com\/fr\/nosotras\/\"]}]},{\"@type\":\"BreadcrumbList\",\"@id\":\"https:\/\/bachelorettespain.com\/fr\/nosotras\/#breadcrumb\",\"itemListElement\":[{\"@type\":\"ListItem\",\"position\":1,\"name\":\"Home\",\"item\":\"https:\/\/bachelorettespain.com\/fr\/\"},{\"@type\":\"ListItem\",\"position\":2,\"name\":\"\u00c0 propos de nous\"}]},{\"@type\":\"WebSite\",\"@id\":\"https:\/\/bachelorettespain.com\/#website\",\"url\":\"https:\/\/bachelorettespain.com\/\",\"name\":\"Bachelorette Spain\",\"description\":\"Bachelorette Spain\",\"publisher\":{\"@id\":\"https:\/\/bachelorettespain.com\/#organization\"},\"potentialAction\":[{\"@type\":\"SearchAction\",\"target\":{\"@type\":\"EntryPoint\",\"urlTemplate\":\"https:\/\/bachelorettespain.com\/?s={search_term_string}\"},\"query-input\":{\"@type\":\"PropertyValueSpecification\",\"valueRequired\":true,\"valueName\":\"search_term_string\"}}],\"inLanguage\":\"fr-FR\"},{\"@type\":\"Organization\",\"@id\":\"https:\/\/bachelorettespain.com\/#organization\",\"name\":\"Bachelorette Spain\",\"url\":\"https:\/\/bachelorettespain.com\/\",\"logo\":{\"@type\":\"ImageObject\",\"inLanguage\":\"fr-FR\",\"@id\":\"https:\/\/bachelorettespain.com\/#\/schema\/logo\/image\/\",\"url\":\"https:\/\/bachelorettespain.com\/wp-content\/uploads\/2025\/07\/logo.png\",\"contentUrl\":\"https:\/\/bachelorettespain.com\/wp-content\/uploads\/2025\/07\/logo.png\",\"width\":811,\"height\":101,\"caption\":\"Bachelorette Spain\"},\"image\":{\"@id\":\"https:\/\/bachelorettespain.com\/#\/schema\/logo\/image\/\"}}]}<\/script>\n<!-- \/ Yoast SEO plugin. -->","yoast_head_json":{"title":"\u00c0 propos de nous - Bachelorette Spain","robots":{"index":"index","follow":"follow","max-snippet":"max-snippet:-1","max-image-preview":"max-image-preview:large","max-video-preview":"max-video-preview:-1"},"canonical":"https:\/\/bachelorettespain.com\/fr\/nosotras\/","og_locale":"fr_FR","og_type":"article","og_title":"\u00c0 propos de nous - Bachelorette Spain","og_description":"[vc_row full_width=&#8221;stretch_row_content_no_spaces&#8221; css=&#8221;.vc_custom_1753204164699{background-color: #FBE7DE !important;}&#8221;][vc_column][\/vc_column][\/vc_row][vc_row][vc_column width=&#8221;1\/2&#8243; css=&#8221;.vc_custom_1752188818240{padding-right: 5% !important;padding-left: 5% !important;}&#8221;][vc_empty_space height=&#8221;50px&#8221;][vc_column_text css=&#8221;.vc_custom_1753731034577{padding-right: 5% !important;}&#8221; text_align=&#8221;left&#8221; color=&#8221;#000000&#8243; font_size=&#8221;26&#8243; font_family=&#8221;Playfair Display&#8221; line_height=&#8221;30px&#8221; letter_spacing=&#8221;-1px&#8221; font_weight=&#8221;500&#8243;]Une agence sp\u00e9cialis\u00e9e dans les enterrements de vie de jeune fille \u00e9l\u00e9gants, personnalis\u00e9s et sans stress. Cr\u00e9\u00e9e par des femmes, pour des femmes.[\/vc_column_text][vc_empty_space height=&#8221;40px&#8221;][vc_column_text css=&#8221;.vc_custom_1753731011488{border-left-width: 1px !important;padding-right: 10% !important;padding-left: 10% !important;border-left-style: solid !important;border-color:&hellip;","og_url":"https:\/\/bachelorettespain.com\/fr\/nosotras\/","og_site_name":"Bachelorette Spain","article_modified_time":"2025-07-28T19:31:14+00:00","twitter_card":"summary_large_image","twitter_misc":{"Dur\u00e9e de lecture estim\u00e9e":"3 minutes"},"schema":{"@context":"https:\/\/schema.org","@graph":[{"@type":"WebPage","@id":"https:\/\/bachelorettespain.com\/fr\/nosotras\/","url":"https:\/\/bachelorettespain.com\/fr\/nosotras\/","name":"\u00c0 propos de nous - Bachelorette Spain","isPartOf":{"@id":"https:\/\/bachelorettespain.com\/#website"},"datePublished":"2025-07-10T22:56:49+00:00","dateModified":"2025-07-28T19:31:14+00:00","breadcrumb":{"@id":"https:\/\/bachelorettespain.com\/fr\/nosotras\/#breadcrumb"},"inLanguage":"fr-FR","potentialAction":[{"@type":"ReadAction","target":["https:\/\/bachelorettespain.com\/fr\/nosotras\/"]}]},{"@type":"BreadcrumbList","@id":"https:\/\/bachelorettespain.com\/fr\/nosotras\/#breadcrumb","itemListElement":[{"@type":"ListItem","position":1,"name":"Home","item":"https:\/\/bachelorettespain.com\/fr\/"},{"@type":"ListItem","position":2,"name":"\u00c0 propos de nous"}]},{"@type":"WebSite","@id":"https:\/\/bachelorettespain.com\/#website","url":"https:\/\/bachelorettespain.com\/","name":"Bachelorette Spain","description":"Bachelorette Spain","publisher":{"@id":"https:\/\/bachelorettespain.com\/#organization"},"potentialAction":[{"@type":"SearchAction","target":{"@type":"EntryPoint","urlTemplate":"https:\/\/bachelorettespain.com\/?s={search_term_string}"},"query-input":{"@type":"PropertyValueSpecification","valueRequired":true,"valueName":"search_term_string"}}],"inLanguage":"fr-FR"},{"@type":"Organization","@id":"https:\/\/bachelorettespain.com\/#organization","name":"Bachelorette Spain","url":"https:\/\/bachelorettespain.com\/","logo":{"@type":"ImageObject","inLanguage":"fr-FR","@id":"https:\/\/bachelorettespain.com\/#\/schema\/logo\/image\/","url":"https:\/\/bachelorettespain.com\/wp-content\/uploads\/2025\/07\/logo.png","contentUrl":"https:\/\/bachelorettespain.com\/wp-content\/uploads\/2025\/07\/logo.png","width":811,"height":101,"caption":"Bachelorette Spain"},"image":{"@id":"https:\/\/bachelorettespain.com\/#\/schema\/logo\/image\/"}}]}},"_links":{"self":[{"href":"https:\/\/bachelorettespain.com\/fr\/wp-json\/wp\/v2\/pages\/605","targetHints":{"allow":["GET"]}}],"collection":[{"href":"https:\/\/bachelorettespain.com\/fr\/wp-json\/wp\/v2\/pages"}],"about":[{"href":"https:\/\/bachelorettespain.com\/fr\/wp-json\/wp\/v2\/types\/page"}],"author":[{"embeddable":true,"href":"https:\/\/bachelorettespain.com\/fr\/wp-json\/wp\/v2\/users\/3"}],"replies":[{"embeddable":true,"href":"https:\/\/bachelorettespain.com\/fr\/wp-json\/wp\/v2\/comments?post=605"}],"version-history":[{"count":13,"href":"https:\/\/bachelorettespain.com\/fr\/wp-json\/wp\/v2\/pages\/605\/revisions"}],"predecessor-version":[{"id":1191,"href":"https:\/\/bachelorettespain.com\/fr\/wp-json\/wp\/v2\/pages\/605\/revisions\/1191"}],"wp:attachment":[{"href":"https:\/\/bachelorettespain.com\/fr\/wp-json\/wp\/v2\/media?parent=605"}],"curies":[{"name":"wp","href":"https:\/\/api.w.org\/{rel}","templated":true}]}}