{"id":607,"date":"2025-07-10T18:21:50","date_gmt":"2025-07-10T18:21:50","guid":{"rendered":"https:\/\/bachelorettespain.com\/packs\/"},"modified":"2025-07-28T19:09:50","modified_gmt":"2025-07-28T19:09:50","slug":"experiencias-actividades","status":"publish","type":"page","link":"https:\/\/bachelorettespain.com\/fr\/experiencias-actividades\/","title":{"rendered":"Exp\u00e9riences et activit\u00e9s"},"content":{"rendered":"<div class=\"wpb-content-wrapper\">[vc_row full_width=&#8221;stretch_row_content_no_spaces&#8221; css=&#8221;.vc_custom_1753461170423{background-color: #FBE7DE !important;}&#8221;][vc_column offset=&#8221;vc_hidden-lg vc_hidden-md vc_hidden-sm vc_hidden-xs&#8221;]\n\t\t\t\t<p class=\"rs-p-wp-fix\"><\/p>\n\t\t\t\t<sr7-module data-alias=\"consejos-con-estilo-blog-1\" data-id=\"4\" id=\"SR7_4_1\" class=\"rs-ov-hidden\" data-version=\"6.7.35\">\n\t\t\t\t\t<sr7-adjuster><\/sr7-adjuster>\n\t\t\t\t\t<sr7-content>\n\t\t\t\t\t\t<sr7-slide id=\"SR7_4_1-21\" data-key=\"21\">\n\t\t\t\t\t\t\t<sr7-bg id=\"SR7_4_1-21-4\" class=\"sr7-layer\"><noscript><img src=\"https:\/\/bachelorettespain.com\/wp-content\/uploads\/2025\/07\/banner-2.jpg\" alt=\"\" title=\"banner\"><\/noscript><\/sr7-bg>\n\t\t\t\t\t\t\t<sr7-txt id=\"SR7_4_1-21-1\" class=\"sr7-layer\">Vuestra despedida, a vuestra manera<\/sr7-txt>\n\t\t\t\t\t\t\t<sr7-txt id=\"SR7_4_1-21-3\" class=\"sr7-layer\">Experiencias & Actividades<\/sr7-txt>\n\t\t\t\t\t\t<\/sr7-slide>\n\t\t\t\t\t\t<sr7-slide id=\"SR7_4_1-22\" data-key=\"22\">\n\t\t\t\t\t\t<\/sr7-slide>\n\t\t\t\t\t<\/sr7-content>\n\t\t\t\t\t<image_lists style=\"display:none\">\n\t\t\t\t\t\t<img data-src=\"\/\/bachelorettespain.com\/wp-content\/uploads\/2025\/07\/banner-2.jpg\" data-libid=\"360\" data-lib=\"medialibrary\" title=\"banner\" width=\"0\" height=\"0\" data-dbsrc=\"Ly9iYWNoZWxvcmV0dGVzcGFpbi5jb20vd3AtY29udGVudC91cGxvYWRzLzIwMjUvMDcvYmFubmVyLTIuanBn\"\/>\n\t\t\t\t\t<\/image_lists>\n\t\t\t\t<\/sr7-module>\n\t\t\t\t<script>\n\t\t\t\t\tSR7.PMH ??={}; SR7.PMH[\"SR7_4_1\"] = {cn:100,state:false,fn: function() { if (_tpt!==undefined && _tpt.prepareModuleHeight !== undefined) {  _tpt.prepareModuleHeight({id:\"SR7_4_1\",el:[650,650,650,650,720],type:'standard',shdw:'0',gh:[650,650,650,650,720],gw:[2000,2000,2000,2000,480],vpt:['-100px&#039;,&#039;-100px&#039;,&#039;-100px&#039;,&#039;-100px&#039;,&#039;-100px'],size:{fullWidth:true, fullHeight:false},mh:'0',onh:0,onw:0,bg:{color:'{\"orig\":\"transparent\",\"type\":\"solid\",\"string\":\"transparent\"}'}});   SR7.PMH[\"SR7_4_1\"].state=true;} else if(SR7.PMH[\"SR7_4_1\"].cn-->0)\tsetTimeout( SR7.PMH[\"SR7_4_1\"].fn,19);}};SR7.PMH[\"SR7_4_1\" ].fn();\n\t\t\t\t<\/script>\n[\/vc_column][\/vc_row][vc_row][vc_column width=&#8221;1\/6&#8243;][\/vc_column][vc_column width=&#8221;2\/3&#8243;][vc_empty_space height=&#8221;50px&#8221;][vc_column_text css=&#8221;&#8221; text_align=&#8221;center&#8221; color=&#8221;#000000&#8243; font_size=&#8221;26&#8243; font_family=&#8221;Playfair Display&#8221; line_height=&#8221;30px&#8221; letter_spacing=&#8221;-1px&#8221; font_weight=&#8221;500&#8243;]Des exp\u00e9riences et des activit\u00e9s uniques pour c\u00e9l\u00e9brer une amiti\u00e9 exceptionnelle. Choisissez le style qui vous correspond le mieux et personnalisez-le sur mesure.[\/vc_column_text][vc_empty_space height=&#8221;20px&#8221;][vc_column_text css=&#8221;.vc_custom_1753729589894{padding-right: 5% !important;padding-left: 5% !important;}&#8221; text_align=&#8221;center&#8221; color=&#8221;#030303&#8243; font_family=&#8221;Poppins&#8221;]Chaque groupe est diff\u00e9rent. C\u2019est pourquoi, chez Bachelorette, nous ne proposons pas de formules toutes faites, mais des exp\u00e9riences et des activit\u00e9s qui partent d\u2019une id\u00e9e et s\u2019adaptent enti\u00e8rement \u00e0 ce que vous souhaitez vivre. Que vous r\u00eaviez d\u2019une escapade d\u00e9tente, d\u2019une soir\u00e9e styl\u00e9e, d\u2019un rituel \u00e9motionnel ou d\u2019un week-end complet sans stress.<\/p>\n<blockquote><p><span style=\"color: #000000;\">Vous trouverez ici l\u2019inspiration id\u00e9ale pour commencer \u00e0 imaginer votre enterrement de vie de jeune fille.<\/span><\/p><\/blockquote>\n[\/vc_column_text][\/vc_column][vc_column width=&#8221;1\/6&#8243;][\/vc_column][\/vc_row][vc_row full_width=&#8221;stretch_row_content_no_spaces&#8221; css=&#8221;.vc_custom_1753520476099{background-color: #FBE7DE63 !important;}&#8221; el_id=&#8221;experiencias&#8221;][vc_column width=&#8221;1\/6&#8243;][\/vc_column][vc_column width=&#8221;2\/3&#8243; offset=&#8221;vc_hidden-lg vc_hidden-md vc_hidden-sm vc_hidden-xs&#8221;][vc_empty_space height=&#8221;50px&#8221;][vc_column_text css=&#8221;.vc_custom_1753217319706{padding-right: 5% !important;padding-left: 5% !important;}&#8221; text_align=&#8221;center&#8221; color=&#8221;#030303&#8243; font_family=&#8221;Poppins&#8221; font_size=&#8221;24&#8243; font_weight=&#8221;700&#8243;]\n<p style=\"text-align: center;\">Experiencias completas<\/p>\n[\/vc_column_text][vc_empty_space height=&#8221;10px&#8221;][vc_row_inner][vc_column_inner width=&#8221;1\/4&#8243;][\/vc_column_inner][vc_column_inner width=&#8221;1\/2&#8243;][vc_column_text css=&#8221;.vc_custom_1753253296414{padding-right: 5% !important;padding-left: 5% !important;}&#8221; text_align=&#8221;center&#8221; color=&#8221;#030303&#8243; font_family=&#8221;Poppins&#8221;]Propuestas completas que combinan lo mejor de cada destino con actividades cuidadosamente elegidas. Pod\u00e9is elegirla tal cual o personalizarla a vuestro gusto.[\/vc_column_text][\/vc_column_inner][vc_column_inner width=&#8221;1\/4&#8243;][\/vc_column_inner][\/vc_row_inner][vc_empty_space height=&#8221;10px&#8221;][vc_basic_grid post_type=&#8221;portfolio&#8221; max_items=&#8221;-1&#8243; item=&#8221;743&#8243; css=&#8221;&#8221; grid_id=&#8221;vc_gid:1753729601045-7f1ffe26-8d75-1&#8243; taxonomies=&#8221;20&#8243;][\/vc_column][vc_column width=&#8221;1\/6&#8243;][\/vc_column][\/vc_row][vc_row full_width=&#8221;stretch_row_content_no_spaces&#8221; css=&#8221;.vc_custom_1753522339738{background-color: #FBE7DE5E !important;}&#8221; el_id=&#8221;actividades&#8221;][vc_column][vc_empty_space height=&#8221;50px&#8221;][vc_column_text css=&#8221;.vc_custom_1753729649299{padding-right: 5% !important;padding-left: 5% !important;}&#8221; text_align=&#8221;center&#8221; color=&#8221;#030303&#8243; font_family=&#8221;Poppins&#8221; font_size=&#8221;24&#8243; font_weight=&#8221;700&#8243;]\n<p style=\"text-align: center;\">Quelques-unes de nos activit\u00e9s pour cr\u00e9er votre enterrement de vie de jeune fille sur mesure<\/p>\n[\/vc_column_text][vc_empty_space height=&#8221;10px&#8221;][vc_row_inner][vc_column_inner width=&#8221;1\/6&#8243;][\/vc_column_inner][vc_column_inner width=&#8221;2\/3&#8243;][vc_column_text css=&#8221;.vc_custom_1753729666429{padding-right: 5% !important;padding-left: 5% !important;}&#8221; text_align=&#8221;center&#8221; color=&#8221;#030303&#8243; font_family=&#8221;Poppins&#8221;]Elles peuvent \u00eatre combin\u00e9es librement pour cr\u00e9er une exp\u00e9rience unique, adapt\u00e9e \u00e0 votre style.<br \/>\n<strong>Demandez votre proposition pour recevoir notre catalogue complet.<\/strong>[\/vc_column_text][vc_empty_space height=&#8221;30px&#8221;][vc_basic_grid post_type=&#8221;portfolio&#8221; max_items=&#8221;-1&#8243; orderby=&#8221;title&#8221; order=&#8221;ASC&#8221; item=&#8221;743&#8243; css=&#8221;&#8221; grid_id=&#8221;vc_gid:1753729601047-1093de93-84d1-5&#8243; taxonomies=&#8221;31&#8243;][vc_empty_space height=&#8221;30px&#8221;]<style>.vcex-button.vcex_69db124369e14{background:#f6bcae;color:#000000!important;font-family:Poppins, sans-serif;}.vcex-button.vcex_69db124369e14:hover{background:#000000!important;color:#ffffff!important;}<\/style><div class=\"theme-button-wrap textcenter wpex-clr\"><a href=\"https:\/\/bachelorettespain.com\/fr\/contactar\/\" class=\"vcex-button theme-button large align-center inline vcex_69db124369e14\"><span class=\"vcex-button-inner theme-button-inner wpex-flex wpex-flex-wrap wpex-items-center wpex-justify-center\"><span class=\"vcex-button-icon vcex-icon-wrap theme-button-icon-left\"><span class=\"wpex-icon\" aria-hidden=\"true\"><svg xmlns=\"http:\/\/www.w3.org\/2000\/svg\" viewBox=\"0 0 512 512\"><path d=\"M256 512A256 256 0 1 0 256 0a256 256 0 1 0 0 512zM216 336h24V272H216c-13.3 0-24-10.7-24-24s10.7-24 24-24h48c13.3 0 24 10.7 24 24v88h8c13.3 0 24 10.7 24 24s-10.7 24-24 24H216c-13.3 0-24-10.7-24-24s10.7-24 24-24zm40-208a32 32 0 1 1 0 64 32 32 0 1 1 0-64z\"\/><\/svg><\/span><\/span>Demandez votre proposition<\/span><\/a><\/div> [\/vc_column_inner][vc_column_inner width=&#8221;1\/6&#8243;][\/vc_column_inner][\/vc_row_inner][\/vc_column][\/vc_row][vc_row][vc_column][vc_empty_space height=&#8221;50px&#8221;][vc_column_text css=&#8221;&#8221; text_align=&#8221;center&#8221; color=&#8221;#000000&#8243; font_size=&#8221;40&#8243; font_family=&#8221;Playfair Display&#8221; line_height=&#8221;44px&#8221; letter_spacing=&#8221;-1px&#8221; font_weight=&#8221;500&#8243;]Conseils <em>styl\u00e9s<\/em> pour un enterrement de vie de jeune fille inoubliable[\/vc_column_text][vc_empty_space height=&#8221;20px&#8221;][vc_column_text css=&#8221;&#8221; text_align=&#8221;center&#8221; color=&#8221;#000000&#8243; font_size=&#8221;20&#8243; font_family=&#8221;Playfair Display&#8221; line_height=&#8221;24px&#8221; letter_spacing=&#8221;-1px&#8221;]Inspiration, id\u00e9es et astuces pour organiser une exp\u00e9rience unique, avec \u00e9l\u00e9gance et sans stress.[\/vc_column_text][vc_empty_space height=&#8221;20px&#8221;][vc_basic_grid post_type=&#8221;post&#8221; max_items=&#8221;3&#8243; item=&#8221;287&#8243; css=&#8221;&#8221; grid_id=&#8221;vc_gid:1753729601049-e88cf16a-cb86-4&#8243;]<style>.vcex-button.vcex_69db12436ce47{background:#f6bcae;color:#000000!important;font-family:Poppins, sans-serif;}.vcex-button.vcex_69db12436ce47:hover{background:#000000!important;color:#ffffff!important;}<\/style><div class=\"theme-button-wrap textcenter wpex-clr\"><a href=\"https:\/\/bachelorettespain.com\/fr\/consejos-con-estilo\/\" class=\"vcex-button theme-button large align-center inline vcex_69db12436ce47\"><span class=\"vcex-button-inner theme-button-inner wpex-flex wpex-flex-wrap wpex-items-center wpex-justify-center\"><span class=\"vcex-button-icon vcex-icon-wrap theme-button-icon-left\"><span class=\"wpex-icon\" aria-hidden=\"true\"><svg xmlns=\"http:\/\/www.w3.org\/2000\/svg\" viewBox=\"0 0 512 512\"><path d=\"M375.7 19.7c-1.5-8-6.9-14.7-14.4-17.8s-16.1-2.2-22.8 2.4L256 61.1 173.5 4.2c-6.7-4.6-15.3-5.5-22.8-2.4s-12.9 9.8-14.4 17.8l-18.1 98.5L19.7 136.3c-8 1.5-14.7 6.9-17.8 14.4s-2.2 16.1 2.4 22.8L61.1 256 4.2 338.5c-4.6 6.7-5.5 15.3-2.4 22.8s9.8 13 17.8 14.4l98.5 18.1 18.1 98.5c1.5 8 6.9 14.7 14.4 17.8s16.1 2.2 22.8-2.4L256 450.9l82.5 56.9c6.7 4.6 15.3 5.5 22.8 2.4s12.9-9.8 14.4-17.8l18.1-98.5 98.5-18.1c8-1.5 14.7-6.9 17.8-14.4s2.2-16.1-2.4-22.8L450.9 256l56.9-82.5c4.6-6.7 5.5-15.3 2.4-22.8s-9.8-12.9-17.8-14.4l-98.5-18.1L375.7 19.7zM269.6 110l65.6-45.2 14.4 78.3c1.8 9.8 9.5 17.5 19.3 19.3l78.3 14.4L402 242.4c-5.7 8.2-5.7 19 0 27.2l45.2 65.6-78.3 14.4c-9.8 1.8-17.5 9.5-19.3 19.3l-14.4 78.3L269.6 402c-8.2-5.7-19-5.7-27.2 0l-65.6 45.2-14.4-78.3c-1.8-9.8-9.5-17.5-19.3-19.3L64.8 335.2 110 269.6c5.7-8.2 5.7-19 0-27.2L64.8 176.8l78.3-14.4c9.8-1.8 17.5-9.5 19.3-19.3l14.4-78.3L242.4 110c8.2 5.7 19 5.7 27.2 0zM256 368a112 112 0 1 0 0-224 112 112 0 1 0 0 224zM192 256a64 64 0 1 1 128 0 64 64 0 1 1 -128 0z\"\/><\/svg><\/span><\/span>Explorez tous nos conseils et commencez \u00e0 vous inspirer<\/span><\/a><\/div> [vc_empty_space height=&#8221;20px&#8221;][\/vc_column][\/vc_row]\n<\/div>","protected":false},"excerpt":{"rendered":"<p>[vc_row full_width=&#8221;stretch_row_content_no_spaces&#8221; css=&#8221;.vc_custom_1753461170423{background-color: #FBE7DE !important;}&#8221;][vc_column offset=&#8221;vc_hidden-lg vc_hidden-md vc_hidden-sm vc_hidden-xs&#8221;][\/vc_column][\/vc_row][vc_row][vc_column width=&#8221;1\/6&#8243;][\/vc_column][vc_column width=&#8221;2\/3&#8243;][vc_empty_space height=&#8221;50px&#8221;][vc_column_text css=&#8221;&#8221; text_align=&#8221;center&#8221; color=&#8221;#000000&#8243; font_size=&#8221;26&#8243; font_family=&#8221;Playfair Display&#8221; line_height=&#8221;30px&#8221; letter_spacing=&#8221;-1px&#8221; font_weight=&#8221;500&#8243;]Des exp\u00e9riences et des activit\u00e9s uniques pour c\u00e9l\u00e9brer une amiti\u00e9 exceptionnelle. Choisissez le style qui vous correspond le mieux et personnalisez-le sur mesure.[\/vc_column_text][vc_empty_space height=&#8221;20px&#8221;][vc_column_text css=&#8221;.vc_custom_1753729589894{padding-right: 5% !important;padding-left: 5% !important;}&#8221; text_align=&#8221;center&#8221; color=&#8221;#030303&#8243; font_family=&#8221;Poppins&#8221;]Chaque groupe est diff\u00e9rent.&hellip;<\/p>\n","protected":false},"author":2,"featured_media":0,"parent":0,"menu_order":0,"comment_status":"closed","ping_status":"closed","template":"","meta":{"_joinchat":[],"footnotes":""},"class_list":["post-607","page","type-page","status-publish","hentry","entry","no-media"],"yoast_head":"<!-- This site is optimized with the Yoast SEO plugin v25.5 - https:\/\/yoast.com\/wordpress\/plugins\/seo\/ -->\n<title>Exp\u00e9riences et activit\u00e9s - Bachelorette Spain<\/title>\n<meta name=\"robots\" content=\"index, follow, max-snippet:-1, max-image-preview:large, max-video-preview:-1\" \/>\n<link rel=\"canonical\" href=\"https:\/\/bachelorettespain.com\/fr\/experiencias-actividades\/\" \/>\n<meta property=\"og:locale\" content=\"fr_FR\" \/>\n<meta property=\"og:type\" content=\"article\" \/>\n<meta property=\"og:title\" content=\"Exp\u00e9riences et activit\u00e9s - Bachelorette Spain\" \/>\n<meta property=\"og:description\" content=\"[vc_row full_width=&#8221;stretch_row_content_no_spaces&#8221; css=&#8221;.vc_custom_1753461170423{background-color: #FBE7DE !important;}&#8221;][vc_column offset=&#8221;vc_hidden-lg vc_hidden-md vc_hidden-sm vc_hidden-xs&#8221;][\/vc_column][\/vc_row][vc_row][vc_column width=&#8221;1\/6&#8243;][\/vc_column][vc_column width=&#8221;2\/3&#8243;][vc_empty_space height=&#8221;50px&#8221;][vc_column_text css=&#8221;&#8221; text_align=&#8221;center&#8221; color=&#8221;#000000&#8243; font_size=&#8221;26&#8243; font_family=&#8221;Playfair Display&#8221; line_height=&#8221;30px&#8221; letter_spacing=&#8221;-1px&#8221; font_weight=&#8221;500&#8243;]Des exp\u00e9riences et des activit\u00e9s uniques pour c\u00e9l\u00e9brer une amiti\u00e9 exceptionnelle. Choisissez le style qui vous correspond le mieux et personnalisez-le sur mesure.[\/vc_column_text][vc_empty_space height=&#8221;20px&#8221;][vc_column_text css=&#8221;.vc_custom_1753729589894{padding-right: 5% !important;padding-left: 5% !important;}&#8221; text_align=&#8221;center&#8221; color=&#8221;#030303&#8243; font_family=&#8221;Poppins&#8221;]Chaque groupe est diff\u00e9rent.&hellip;\" \/>\n<meta property=\"og:url\" content=\"https:\/\/bachelorettespain.com\/fr\/experiencias-actividades\/\" \/>\n<meta property=\"og:site_name\" content=\"Bachelorette Spain\" \/>\n<meta property=\"article:modified_time\" content=\"2025-07-28T19:09:50+00:00\" \/>\n<meta name=\"twitter:card\" content=\"summary_large_image\" \/>\n<meta name=\"twitter:label1\" content=\"Dur\u00e9e de lecture estim\u00e9e\" \/>\n\t<meta name=\"twitter:data1\" content=\"2 minutes\" \/>\n<script type=\"application\/ld+json\" class=\"yoast-schema-graph\">{\"@context\":\"https:\/\/schema.org\",\"@graph\":[{\"@type\":\"WebPage\",\"@id\":\"https:\/\/bachelorettespain.com\/fr\/experiencias-actividades\/\",\"url\":\"https:\/\/bachelorettespain.com\/fr\/experiencias-actividades\/\",\"name\":\"Exp\u00e9riences et activit\u00e9s - Bachelorette Spain\",\"isPartOf\":{\"@id\":\"https:\/\/bachelorettespain.com\/#website\"},\"datePublished\":\"2025-07-10T18:21:50+00:00\",\"dateModified\":\"2025-07-28T19:09:50+00:00\",\"breadcrumb\":{\"@id\":\"https:\/\/bachelorettespain.com\/fr\/experiencias-actividades\/#breadcrumb\"},\"inLanguage\":\"fr-FR\",\"potentialAction\":[{\"@type\":\"ReadAction\",\"target\":[\"https:\/\/bachelorettespain.com\/fr\/experiencias-actividades\/\"]}]},{\"@type\":\"BreadcrumbList\",\"@id\":\"https:\/\/bachelorettespain.com\/fr\/experiencias-actividades\/#breadcrumb\",\"itemListElement\":[{\"@type\":\"ListItem\",\"position\":1,\"name\":\"Home\",\"item\":\"https:\/\/bachelorettespain.com\/fr\/\"},{\"@type\":\"ListItem\",\"position\":2,\"name\":\"Exp\u00e9riences et activit\u00e9s\"}]},{\"@type\":\"WebSite\",\"@id\":\"https:\/\/bachelorettespain.com\/#website\",\"url\":\"https:\/\/bachelorettespain.com\/\",\"name\":\"Bachelorette Spain\",\"description\":\"Bachelorette Spain\",\"publisher\":{\"@id\":\"https:\/\/bachelorettespain.com\/#organization\"},\"potentialAction\":[{\"@type\":\"SearchAction\",\"target\":{\"@type\":\"EntryPoint\",\"urlTemplate\":\"https:\/\/bachelorettespain.com\/?s={search_term_string}\"},\"query-input\":{\"@type\":\"PropertyValueSpecification\",\"valueRequired\":true,\"valueName\":\"search_term_string\"}}],\"inLanguage\":\"fr-FR\"},{\"@type\":\"Organization\",\"@id\":\"https:\/\/bachelorettespain.com\/#organization\",\"name\":\"Bachelorette Spain\",\"url\":\"https:\/\/bachelorettespain.com\/\",\"logo\":{\"@type\":\"ImageObject\",\"inLanguage\":\"fr-FR\",\"@id\":\"https:\/\/bachelorettespain.com\/#\/schema\/logo\/image\/\",\"url\":\"https:\/\/bachelorettespain.com\/wp-content\/uploads\/2025\/07\/logo.png\",\"contentUrl\":\"https:\/\/bachelorettespain.com\/wp-content\/uploads\/2025\/07\/logo.png\",\"width\":811,\"height\":101,\"caption\":\"Bachelorette Spain\"},\"image\":{\"@id\":\"https:\/\/bachelorettespain.com\/#\/schema\/logo\/image\/\"}}]}<\/script>\n<!-- \/ Yoast SEO plugin. -->","yoast_head_json":{"title":"Exp\u00e9riences et activit\u00e9s - Bachelorette Spain","robots":{"index":"index","follow":"follow","max-snippet":"max-snippet:-1","max-image-preview":"max-image-preview:large","max-video-preview":"max-video-preview:-1"},"canonical":"https:\/\/bachelorettespain.com\/fr\/experiencias-actividades\/","og_locale":"fr_FR","og_type":"article","og_title":"Exp\u00e9riences et activit\u00e9s - Bachelorette Spain","og_description":"[vc_row full_width=&#8221;stretch_row_content_no_spaces&#8221; css=&#8221;.vc_custom_1753461170423{background-color: #FBE7DE !important;}&#8221;][vc_column offset=&#8221;vc_hidden-lg vc_hidden-md vc_hidden-sm vc_hidden-xs&#8221;][\/vc_column][\/vc_row][vc_row][vc_column width=&#8221;1\/6&#8243;][\/vc_column][vc_column width=&#8221;2\/3&#8243;][vc_empty_space height=&#8221;50px&#8221;][vc_column_text css=&#8221;&#8221; text_align=&#8221;center&#8221; color=&#8221;#000000&#8243; font_size=&#8221;26&#8243; font_family=&#8221;Playfair Display&#8221; line_height=&#8221;30px&#8221; letter_spacing=&#8221;-1px&#8221; font_weight=&#8221;500&#8243;]Des exp\u00e9riences et des activit\u00e9s uniques pour c\u00e9l\u00e9brer une amiti\u00e9 exceptionnelle. Choisissez le style qui vous correspond le mieux et personnalisez-le sur mesure.[\/vc_column_text][vc_empty_space height=&#8221;20px&#8221;][vc_column_text css=&#8221;.vc_custom_1753729589894{padding-right: 5% !important;padding-left: 5% !important;}&#8221; text_align=&#8221;center&#8221; color=&#8221;#030303&#8243; font_family=&#8221;Poppins&#8221;]Chaque groupe est diff\u00e9rent.&hellip;","og_url":"https:\/\/bachelorettespain.com\/fr\/experiencias-actividades\/","og_site_name":"Bachelorette Spain","article_modified_time":"2025-07-28T19:09:50+00:00","twitter_card":"summary_large_image","twitter_misc":{"Dur\u00e9e de lecture estim\u00e9e":"2 minutes"},"schema":{"@context":"https:\/\/schema.org","@graph":[{"@type":"WebPage","@id":"https:\/\/bachelorettespain.com\/fr\/experiencias-actividades\/","url":"https:\/\/bachelorettespain.com\/fr\/experiencias-actividades\/","name":"Exp\u00e9riences et activit\u00e9s - Bachelorette Spain","isPartOf":{"@id":"https:\/\/bachelorettespain.com\/#website"},"datePublished":"2025-07-10T18:21:50+00:00","dateModified":"2025-07-28T19:09:50+00:00","breadcrumb":{"@id":"https:\/\/bachelorettespain.com\/fr\/experiencias-actividades\/#breadcrumb"},"inLanguage":"fr-FR","potentialAction":[{"@type":"ReadAction","target":["https:\/\/bachelorettespain.com\/fr\/experiencias-actividades\/"]}]},{"@type":"BreadcrumbList","@id":"https:\/\/bachelorettespain.com\/fr\/experiencias-actividades\/#breadcrumb","itemListElement":[{"@type":"ListItem","position":1,"name":"Home","item":"https:\/\/bachelorettespain.com\/fr\/"},{"@type":"ListItem","position":2,"name":"Exp\u00e9riences et activit\u00e9s"}]},{"@type":"WebSite","@id":"https:\/\/bachelorettespain.com\/#website","url":"https:\/\/bachelorettespain.com\/","name":"Bachelorette Spain","description":"Bachelorette Spain","publisher":{"@id":"https:\/\/bachelorettespain.com\/#organization"},"potentialAction":[{"@type":"SearchAction","target":{"@type":"EntryPoint","urlTemplate":"https:\/\/bachelorettespain.com\/?s={search_term_string}"},"query-input":{"@type":"PropertyValueSpecification","valueRequired":true,"valueName":"search_term_string"}}],"inLanguage":"fr-FR"},{"@type":"Organization","@id":"https:\/\/bachelorettespain.com\/#organization","name":"Bachelorette Spain","url":"https:\/\/bachelorettespain.com\/","logo":{"@type":"ImageObject","inLanguage":"fr-FR","@id":"https:\/\/bachelorettespain.com\/#\/schema\/logo\/image\/","url":"https:\/\/bachelorettespain.com\/wp-content\/uploads\/2025\/07\/logo.png","contentUrl":"https:\/\/bachelorettespain.com\/wp-content\/uploads\/2025\/07\/logo.png","width":811,"height":101,"caption":"Bachelorette Spain"},"image":{"@id":"https:\/\/bachelorettespain.com\/#\/schema\/logo\/image\/"}}]}},"_links":{"self":[{"href":"https:\/\/bachelorettespain.com\/fr\/wp-json\/wp\/v2\/pages\/607","targetHints":{"allow":["GET"]}}],"collection":[{"href":"https:\/\/bachelorettespain.com\/fr\/wp-json\/wp\/v2\/pages"}],"about":[{"href":"https:\/\/bachelorettespain.com\/fr\/wp-json\/wp\/v2\/types\/page"}],"author":[{"embeddable":true,"href":"https:\/\/bachelorettespain.com\/fr\/wp-json\/wp\/v2\/users\/2"}],"replies":[{"embeddable":true,"href":"https:\/\/bachelorettespain.com\/fr\/wp-json\/wp\/v2\/comments?post=607"}],"version-history":[{"count":39,"href":"https:\/\/bachelorettespain.com\/fr\/wp-json\/wp\/v2\/pages\/607\/revisions"}],"predecessor-version":[{"id":1185,"href":"https:\/\/bachelorettespain.com\/fr\/wp-json\/wp\/v2\/pages\/607\/revisions\/1185"}],"wp:attachment":[{"href":"https:\/\/bachelorettespain.com\/fr\/wp-json\/wp\/v2\/media?parent=607"}],"curies":[{"name":"wp","href":"https:\/\/api.w.org\/{rel}","templated":true}]}}