{"id":609,"date":"2025-07-11T11:31:37","date_gmt":"2025-07-11T11:31:37","guid":{"rendered":"https:\/\/bachelorettespain.com\/partners-proveedores\/"},"modified":"2025-07-30T06:48:22","modified_gmt":"2025-07-30T06:48:22","slug":"partners-proveedores","status":"publish","type":"page","link":"https:\/\/bachelorettespain.com\/fr\/partners-proveedores\/","title":{"rendered":"Partners &#038; Proveedores"},"content":{"rendered":"<div class=\"wpb-content-wrapper\">[vc_row full_width=&#8221;stretch_row_content_no_spaces&#8221; css=&#8221;.vc_custom_1753278262309{background-color: #F6BCAE !important;}&#8221;][vc_column width=&#8221;1\/4&#8243;][\/vc_column][vc_column width=&#8221;1\/2&#8243;][vc_empty_space height=&#8221;50px&#8221;][vc_column_text css=&#8221;.vc_custom_1753858099538{padding-right: 15% !important;padding-left: 15% !important;}&#8221; text_align=&#8221;center&#8221; color=&#8221;#000000&#8243; font_size=&#8221;40&#8243; font_family=&#8221;Playfair Display&#8221; line_height=&#8221;44px&#8221; letter_spacing=&#8221;-1px&#8221; font_weight=&#8221;500&#8243;]Vous souhaitez collaborer avec Bachelorette Spain\u202f?[\/vc_column_text][vc_empty_space height=&#8221;20px&#8221;][vc_column_text css=&#8221;.vc_custom_1753857856133{padding-right: 15% !important;padding-left: 15% !important;}&#8221; text_align=&#8221;center&#8221; color=&#8221;#030303&#8243; font_family=&#8221;Poppins&#8221;]<strong>Nous recherchons des lieux, des professionnels et des exp\u00e9riences qui partagent notre vision : qualit\u00e9, esth\u00e9tique et service impeccable.<\/strong><\/p>\n<p>Si vous g\u00e9rez un restaurant plein de charme, un h\u00e9bergement boutique, un spa priv\u00e9, un studio photo ou tout autre service ax\u00e9 sur l\u2019exp\u00e9rience, le design et le soin du d\u00e9tail, nous serons ravies de vous conna\u00eetre.<\/p>\n<p>Nous travaillons dans des destinations s\u00e9lectionn\u00e9es et collaborons avec des prestataires qui valorisent l\u2019attention personnalis\u00e9e, le bon go\u00fbt et le professionnalisme.<br \/>\nParlez-nous de vous, de ce que vous faites et de la fa\u00e7on dont vous imaginez que nous pourrions collaborer.<\/p>\n<p>Remplissez ce formulaire et nous \u00e9tudierons votre int\u00e9gration \u00e0 notre r\u00e9seau de collaboratrices.[\/vc_column_text][vc_empty_space height=&#8221;20px&#8221;]\n<div class=\"wpcf7 no-js\" id=\"wpcf7-f1206-o1\" lang=\"fr-FR\" dir=\"ltr\" data-wpcf7-id=\"1206\">\n<div class=\"screen-reader-response\"><p role=\"status\" aria-live=\"polite\" aria-atomic=\"true\"><\/p> <ul><\/ul><\/div>\n<form action=\"\/fr\/wp-json\/wp\/v2\/pages\/609#wpcf7-f1206-o1\" method=\"post\" class=\"wpcf7-form init\" aria-label=\"Formulaire de contact\" enctype=\"multipart\/form-data\" novalidate=\"novalidate\" data-status=\"init\">\n<fieldset class=\"hidden-fields-container\"><input type=\"hidden\" name=\"_wpcf7\" value=\"1206\" \/><input type=\"hidden\" name=\"_wpcf7_version\" value=\"6.1\" \/><input type=\"hidden\" name=\"_wpcf7_locale\" value=\"fr_FR\" \/><input type=\"hidden\" name=\"_wpcf7_unit_tag\" value=\"wpcf7-f1206-o1\" \/><input type=\"hidden\" name=\"_wpcf7_container_post\" value=\"0\" \/><input type=\"hidden\" name=\"_wpcf7_posted_data_hash\" value=\"\" \/><input type=\"hidden\" name=\"_wpcf7_recaptcha_response\" value=\"\" \/>\n<\/fieldset>\n<form>\n\t<p><span class=\"wpcf7-form-control-wrap\" data-name=\"company-name\"><input size=\"40\" maxlength=\"400\" class=\"wpcf7-form-control wpcf7-text wpcf7-validates-as-required\" aria-required=\"true\" aria-invalid=\"false\" placeholder=\"Nom de l\u2019entreprise ou de la marque\" value=\"\" type=\"text\" name=\"company-name\" \/><\/span>\n\t<\/p>\n\t<p><span class=\"wpcf7-form-control-wrap\" data-name=\"contact-name\"><input size=\"40\" maxlength=\"400\" class=\"wpcf7-form-control wpcf7-text wpcf7-validates-as-required\" aria-required=\"true\" aria-invalid=\"false\" placeholder=\"Personne de contact\" value=\"\" type=\"text\" name=\"contact-name\" \/><\/span>\n\t<\/p>\n\t<p><span class=\"wpcf7-form-control-wrap\" data-name=\"email\"><input size=\"40\" maxlength=\"400\" class=\"wpcf7-form-control wpcf7-email wpcf7-validates-as-required wpcf7-text wpcf7-validates-as-email\" aria-required=\"true\" aria-invalid=\"false\" placeholder=\"Adresse e-mail\" value=\"\" type=\"email\" name=\"email\" \/><\/span>\n\t<\/p>\n\t<p><span class=\"wpcf7-form-control-wrap\" data-name=\"phone\"><input size=\"40\" maxlength=\"400\" class=\"wpcf7-form-control wpcf7-tel wpcf7-validates-as-required wpcf7-text wpcf7-validates-as-tel\" aria-required=\"true\" aria-invalid=\"false\" placeholder=\"T\u00e9l\u00e9phone de contact\" value=\"\" type=\"tel\" name=\"phone\" \/><\/span>\n\t<\/p>\n\t<p><span class=\"wpcf7-form-control-wrap\" data-name=\"service-type\"><select class=\"wpcf7-form-control wpcf7-select wpcf7-validates-as-required\" aria-required=\"true\" aria-invalid=\"false\" name=\"service-type\"><option value=\"\">&#8212;Veuillez choisir une option&#8212;<\/option><option value=\"Restaurant ou espace gastronomique\">Restaurant ou espace gastronomique<\/option><option value=\"Photographie\">Photographie<\/option><option value=\"Bien-\u00eatre ou spa\">Bien-\u00eatre ou spa<\/option><option value=\"H\u00e9bergement\">H\u00e9bergement<\/option><option value=\"Atelier cr\u00e9atif\">Atelier cr\u00e9atif<\/option><option value=\"Transport\">Transport<\/option><option value=\"Autre\">Autre<\/option><\/select><\/span>\n\t<\/p>\n\t<p><span class=\"wpcf7-form-control-wrap\" data-name=\"location\"><input size=\"40\" maxlength=\"400\" class=\"wpcf7-form-control wpcf7-text wpcf7-validates-as-required\" aria-required=\"true\" aria-invalid=\"false\" placeholder=\"Ville ou r\u00e9gion o\u00f9 vous proposez le service\" value=\"\" type=\"text\" name=\"location\" \/><\/span>\n\t<\/p>\n\t<p><span class=\"wpcf7-form-control-wrap\" data-name=\"experience\"><textarea cols=\"40\" rows=\"10\" maxlength=\"2000\" class=\"wpcf7-form-control wpcf7-textarea wpcf7-validates-as-required\" aria-required=\"true\" aria-invalid=\"false\" placeholder=\"D\u00e9crivez bri\u00e8vement votre proposition\" name=\"experience\"><\/textarea><\/span>\n\t<\/p>\n\t<p><span class=\"wpcf7-form-control-wrap\" data-name=\"your-file\"><input size=\"40\" class=\"wpcf7-form-control wpcf7-file\" accept=\".pdf,.jpg,.png,.doc,.docx\" aria-invalid=\"false\" type=\"file\" name=\"your-file\" \/><\/span>\n\t<\/p>\n\t<p><span><span class=\"wpcf7-form-control-wrap\" data-name=\"acceptance-279\"><span class=\"wpcf7-form-control wpcf7-acceptance\"><span class=\"wpcf7-list-item\"><input type=\"checkbox\" name=\"acceptance-279\" value=\"1\" aria-invalid=\"false\" \/><\/span><\/span><\/span> J\u2019ai lu et j\u2019accepte les <a target=\"_blank\" rel=\"nofollow noopener noreferrer\" href=\"https:\/\/bachelorettespain.com\/fr\/aviso-legal\/\">Mentions l\u00e9gales<\/a> et la <a target=\"_blank\" rel=\"nofollow noopener noreferrer\" href=\"https:\/\/bachelorettespain.com\/fr\/politica-de-privacidad\/\">Politique de confidentialit\u00e9<\/a>.<\/span><br \/>\n<input class=\"wpcf7-form-control wpcf7-submit has-spinner\" type=\"submit\" value=\"Envoyer la demande\" \/>\n\t<\/p>\n<\/form><p style=\"display: none !important;\" class=\"akismet-fields-container\" data-prefix=\"_wpcf7_ak_\"><label>&#916;<textarea name=\"_wpcf7_ak_hp_textarea\" cols=\"45\" rows=\"8\" maxlength=\"100\"><\/textarea><\/label><input type=\"hidden\" id=\"ak_js_1\" name=\"_wpcf7_ak_js\" value=\"16\"\/><script>document.getElementById( \"ak_js_1\" ).setAttribute( \"value\", ( new Date() ).getTime() );<\/script><\/p><div class=\"wpcf7-response-output\" aria-hidden=\"true\"><\/div>\n<\/form>\n<\/div>\n[\/vc_column][vc_column width=&#8221;1\/4&#8243;][\/vc_column][\/vc_row]\n<\/div>","protected":false},"excerpt":{"rendered":"<p>[vc_row full_width=&#8221;stretch_row_content_no_spaces&#8221; css=&#8221;.vc_custom_1753278262309{background-color: #F6BCAE !important;}&#8221;][vc_column width=&#8221;1\/4&#8243;][\/vc_column][vc_column width=&#8221;1\/2&#8243;][vc_empty_space height=&#8221;50px&#8221;][vc_column_text css=&#8221;.vc_custom_1753858099538{padding-right: 15% !important;padding-left: 15% !important;}&#8221; text_align=&#8221;center&#8221; color=&#8221;#000000&#8243; font_size=&#8221;40&#8243; font_family=&#8221;Playfair Display&#8221; line_height=&#8221;44px&#8221; letter_spacing=&#8221;-1px&#8221; font_weight=&#8221;500&#8243;]Vous souhaitez collaborer avec Bachelorette Spain\u202f?[\/vc_column_text][vc_empty_space height=&#8221;20px&#8221;][vc_column_text css=&#8221;.vc_custom_1753857856133{padding-right: 15% !important;padding-left: 15% !important;}&#8221; text_align=&#8221;center&#8221; color=&#8221;#030303&#8243; font_family=&#8221;Poppins&#8221;]Nous recherchons des lieux, des professionnels et des exp\u00e9riences qui partagent notre vision : qualit\u00e9, esth\u00e9tique et service impeccable. Si vous&hellip;<\/p>\n","protected":false},"author":3,"featured_media":0,"parent":0,"menu_order":0,"comment_status":"closed","ping_status":"closed","template":"","meta":{"_joinchat":[],"footnotes":""},"class_list":["post-609","page","type-page","status-publish","hentry","entry","no-media"],"yoast_head":"<!-- This site is optimized with the Yoast SEO plugin v25.5 - https:\/\/yoast.com\/wordpress\/plugins\/seo\/ -->\n<title>Partners &amp; Proveedores - Bachelorette Spain<\/title>\n<meta name=\"robots\" content=\"index, follow, max-snippet:-1, max-image-preview:large, max-video-preview:-1\" \/>\n<link rel=\"canonical\" href=\"https:\/\/bachelorettespain.com\/fr\/partners-proveedores\/\" \/>\n<meta property=\"og:locale\" content=\"fr_FR\" \/>\n<meta property=\"og:type\" content=\"article\" \/>\n<meta property=\"og:title\" content=\"Partners &amp; Proveedores - Bachelorette Spain\" \/>\n<meta property=\"og:description\" content=\"[vc_row full_width=&#8221;stretch_row_content_no_spaces&#8221; css=&#8221;.vc_custom_1753278262309{background-color: #F6BCAE !important;}&#8221;][vc_column width=&#8221;1\/4&#8243;][\/vc_column][vc_column width=&#8221;1\/2&#8243;][vc_empty_space height=&#8221;50px&#8221;][vc_column_text css=&#8221;.vc_custom_1753858099538{padding-right: 15% !important;padding-left: 15% !important;}&#8221; text_align=&#8221;center&#8221; color=&#8221;#000000&#8243; font_size=&#8221;40&#8243; font_family=&#8221;Playfair Display&#8221; line_height=&#8221;44px&#8221; letter_spacing=&#8221;-1px&#8221; font_weight=&#8221;500&#8243;]Vous souhaitez collaborer avec Bachelorette Spain\u202f?[\/vc_column_text][vc_empty_space height=&#8221;20px&#8221;][vc_column_text css=&#8221;.vc_custom_1753857856133{padding-right: 15% !important;padding-left: 15% !important;}&#8221; text_align=&#8221;center&#8221; color=&#8221;#030303&#8243; font_family=&#8221;Poppins&#8221;]Nous recherchons des lieux, des professionnels et des exp\u00e9riences qui partagent notre vision : qualit\u00e9, esth\u00e9tique et service impeccable. Si vous&hellip;\" \/>\n<meta property=\"og:url\" content=\"https:\/\/bachelorettespain.com\/fr\/partners-proveedores\/\" \/>\n<meta property=\"og:site_name\" content=\"Bachelorette Spain\" \/>\n<meta property=\"article:modified_time\" content=\"2025-07-30T06:48:22+00:00\" \/>\n<meta name=\"twitter:card\" content=\"summary_large_image\" \/>\n<meta name=\"twitter:label1\" content=\"Dur\u00e9e de lecture estim\u00e9e\" \/>\n\t<meta name=\"twitter:data1\" content=\"1 minute\" \/>\n<script type=\"application\/ld+json\" class=\"yoast-schema-graph\">{\"@context\":\"https:\/\/schema.org\",\"@graph\":[{\"@type\":\"WebPage\",\"@id\":\"https:\/\/bachelorettespain.com\/fr\/partners-proveedores\/\",\"url\":\"https:\/\/bachelorettespain.com\/fr\/partners-proveedores\/\",\"name\":\"Partners & Proveedores - Bachelorette Spain\",\"isPartOf\":{\"@id\":\"https:\/\/bachelorettespain.com\/#website\"},\"datePublished\":\"2025-07-11T11:31:37+00:00\",\"dateModified\":\"2025-07-30T06:48:22+00:00\",\"breadcrumb\":{\"@id\":\"https:\/\/bachelorettespain.com\/fr\/partners-proveedores\/#breadcrumb\"},\"inLanguage\":\"fr-FR\",\"potentialAction\":[{\"@type\":\"ReadAction\",\"target\":[\"https:\/\/bachelorettespain.com\/fr\/partners-proveedores\/\"]}]},{\"@type\":\"BreadcrumbList\",\"@id\":\"https:\/\/bachelorettespain.com\/fr\/partners-proveedores\/#breadcrumb\",\"itemListElement\":[{\"@type\":\"ListItem\",\"position\":1,\"name\":\"Home\",\"item\":\"https:\/\/bachelorettespain.com\/fr\/\"},{\"@type\":\"ListItem\",\"position\":2,\"name\":\"Partners &#038; Proveedores\"}]},{\"@type\":\"WebSite\",\"@id\":\"https:\/\/bachelorettespain.com\/#website\",\"url\":\"https:\/\/bachelorettespain.com\/\",\"name\":\"Bachelorette Spain\",\"description\":\"Bachelorette Spain\",\"publisher\":{\"@id\":\"https:\/\/bachelorettespain.com\/#organization\"},\"potentialAction\":[{\"@type\":\"SearchAction\",\"target\":{\"@type\":\"EntryPoint\",\"urlTemplate\":\"https:\/\/bachelorettespain.com\/?s={search_term_string}\"},\"query-input\":{\"@type\":\"PropertyValueSpecification\",\"valueRequired\":true,\"valueName\":\"search_term_string\"}}],\"inLanguage\":\"fr-FR\"},{\"@type\":\"Organization\",\"@id\":\"https:\/\/bachelorettespain.com\/#organization\",\"name\":\"Bachelorette Spain\",\"url\":\"https:\/\/bachelorettespain.com\/\",\"logo\":{\"@type\":\"ImageObject\",\"inLanguage\":\"fr-FR\",\"@id\":\"https:\/\/bachelorettespain.com\/#\/schema\/logo\/image\/\",\"url\":\"https:\/\/bachelorettespain.com\/wp-content\/uploads\/2025\/07\/logo.png\",\"contentUrl\":\"https:\/\/bachelorettespain.com\/wp-content\/uploads\/2025\/07\/logo.png\",\"width\":811,\"height\":101,\"caption\":\"Bachelorette Spain\"},\"image\":{\"@id\":\"https:\/\/bachelorettespain.com\/#\/schema\/logo\/image\/\"}}]}<\/script>\n<!-- \/ Yoast SEO plugin. -->","yoast_head_json":{"title":"Partners & Proveedores - Bachelorette Spain","robots":{"index":"index","follow":"follow","max-snippet":"max-snippet:-1","max-image-preview":"max-image-preview:large","max-video-preview":"max-video-preview:-1"},"canonical":"https:\/\/bachelorettespain.com\/fr\/partners-proveedores\/","og_locale":"fr_FR","og_type":"article","og_title":"Partners & Proveedores - Bachelorette Spain","og_description":"[vc_row full_width=&#8221;stretch_row_content_no_spaces&#8221; css=&#8221;.vc_custom_1753278262309{background-color: #F6BCAE !important;}&#8221;][vc_column width=&#8221;1\/4&#8243;][\/vc_column][vc_column width=&#8221;1\/2&#8243;][vc_empty_space height=&#8221;50px&#8221;][vc_column_text css=&#8221;.vc_custom_1753858099538{padding-right: 15% !important;padding-left: 15% !important;}&#8221; text_align=&#8221;center&#8221; color=&#8221;#000000&#8243; font_size=&#8221;40&#8243; font_family=&#8221;Playfair Display&#8221; line_height=&#8221;44px&#8221; letter_spacing=&#8221;-1px&#8221; font_weight=&#8221;500&#8243;]Vous souhaitez collaborer avec Bachelorette Spain\u202f?[\/vc_column_text][vc_empty_space height=&#8221;20px&#8221;][vc_column_text css=&#8221;.vc_custom_1753857856133{padding-right: 15% !important;padding-left: 15% !important;}&#8221; text_align=&#8221;center&#8221; color=&#8221;#030303&#8243; font_family=&#8221;Poppins&#8221;]Nous recherchons des lieux, des professionnels et des exp\u00e9riences qui partagent notre vision : qualit\u00e9, esth\u00e9tique et service impeccable. Si vous&hellip;","og_url":"https:\/\/bachelorettespain.com\/fr\/partners-proveedores\/","og_site_name":"Bachelorette Spain","article_modified_time":"2025-07-30T06:48:22+00:00","twitter_card":"summary_large_image","twitter_misc":{"Dur\u00e9e de lecture estim\u00e9e":"1 minute"},"schema":{"@context":"https:\/\/schema.org","@graph":[{"@type":"WebPage","@id":"https:\/\/bachelorettespain.com\/fr\/partners-proveedores\/","url":"https:\/\/bachelorettespain.com\/fr\/partners-proveedores\/","name":"Partners & Proveedores - Bachelorette Spain","isPartOf":{"@id":"https:\/\/bachelorettespain.com\/#website"},"datePublished":"2025-07-11T11:31:37+00:00","dateModified":"2025-07-30T06:48:22+00:00","breadcrumb":{"@id":"https:\/\/bachelorettespain.com\/fr\/partners-proveedores\/#breadcrumb"},"inLanguage":"fr-FR","potentialAction":[{"@type":"ReadAction","target":["https:\/\/bachelorettespain.com\/fr\/partners-proveedores\/"]}]},{"@type":"BreadcrumbList","@id":"https:\/\/bachelorettespain.com\/fr\/partners-proveedores\/#breadcrumb","itemListElement":[{"@type":"ListItem","position":1,"name":"Home","item":"https:\/\/bachelorettespain.com\/fr\/"},{"@type":"ListItem","position":2,"name":"Partners &#038; Proveedores"}]},{"@type":"WebSite","@id":"https:\/\/bachelorettespain.com\/#website","url":"https:\/\/bachelorettespain.com\/","name":"Bachelorette Spain","description":"Bachelorette Spain","publisher":{"@id":"https:\/\/bachelorettespain.com\/#organization"},"potentialAction":[{"@type":"SearchAction","target":{"@type":"EntryPoint","urlTemplate":"https:\/\/bachelorettespain.com\/?s={search_term_string}"},"query-input":{"@type":"PropertyValueSpecification","valueRequired":true,"valueName":"search_term_string"}}],"inLanguage":"fr-FR"},{"@type":"Organization","@id":"https:\/\/bachelorettespain.com\/#organization","name":"Bachelorette Spain","url":"https:\/\/bachelorettespain.com\/","logo":{"@type":"ImageObject","inLanguage":"fr-FR","@id":"https:\/\/bachelorettespain.com\/#\/schema\/logo\/image\/","url":"https:\/\/bachelorettespain.com\/wp-content\/uploads\/2025\/07\/logo.png","contentUrl":"https:\/\/bachelorettespain.com\/wp-content\/uploads\/2025\/07\/logo.png","width":811,"height":101,"caption":"Bachelorette Spain"},"image":{"@id":"https:\/\/bachelorettespain.com\/#\/schema\/logo\/image\/"}}]}},"_links":{"self":[{"href":"https:\/\/bachelorettespain.com\/fr\/wp-json\/wp\/v2\/pages\/609","targetHints":{"allow":["GET"]}}],"collection":[{"href":"https:\/\/bachelorettespain.com\/fr\/wp-json\/wp\/v2\/pages"}],"about":[{"href":"https:\/\/bachelorettespain.com\/fr\/wp-json\/wp\/v2\/types\/page"}],"author":[{"embeddable":true,"href":"https:\/\/bachelorettespain.com\/fr\/wp-json\/wp\/v2\/users\/3"}],"replies":[{"embeddable":true,"href":"https:\/\/bachelorettespain.com\/fr\/wp-json\/wp\/v2\/comments?post=609"}],"version-history":[{"count":5,"href":"https:\/\/bachelorettespain.com\/fr\/wp-json\/wp\/v2\/pages\/609\/revisions"}],"predecessor-version":[{"id":1208,"href":"https:\/\/bachelorettespain.com\/fr\/wp-json\/wp\/v2\/pages\/609\/revisions\/1208"}],"wp:attachment":[{"href":"https:\/\/bachelorettespain.com\/fr\/wp-json\/wp\/v2\/media?parent=609"}],"curies":[{"name":"wp","href":"https:\/\/api.w.org\/{rel}","templated":true}]}}